{"id":229,"date":"2021-08-18T03:16:49","date_gmt":"2021-08-18T03:16:49","guid":{"rendered":"https:\/\/lasplantasdemaria.com\/?product=euphorbia-ingens"},"modified":"2024-04-28T09:14:42","modified_gmt":"2024-04-28T07:14:42","slug":"euphorbia-ingens","status":"publish","type":"product","link":"https:\/\/lasplantasdemaria.com\/?product=euphorbia-ingens","title":{"rendered":"Verticalidad Verde: Sansevieria Cylindrica en Maceta Contempor\u00e1nea"},"content":{"rendered":"\t\t<div data-elementor-type=\"wp-post\" data-elementor-id=\"229\" class=\"elementor elementor-229\">\n\t\t\t\t\t\t<section class=\"elementor-section elementor-top-section elementor-element elementor-element-24f481e elementor-section-boxed elementor-section-height-default elementor-section-height-default\" data-id=\"24f481e\" data-element_type=\"section\" data-e-type=\"section\">\n\t\t\t\t\t\t<div class=\"elementor-container elementor-column-gap-no\">\n\t\t\t\t\t<div class=\"elementor-column elementor-col-100 elementor-top-column elementor-element elementor-element-463da7b\" data-id=\"463da7b\" data-element_type=\"column\" data-e-type=\"column\">\n\t\t\t<div class=\"elementor-widget-wrap elementor-element-populated\">\n\t\t\t\t\t\t<div class=\"elementor-element elementor-element-497a165 elementor-widget elementor-widget-heading\" data-id=\"497a165\" data-element_type=\"widget\" data-e-type=\"widget\" data-widget_type=\"heading.default\">\n\t\t\t\t<div class=\"elementor-widget-container\">\n\t\t\t\t\t<h3 class=\"elementor-heading-title elementor-size-default\">Verticalidad Verde: Sansevieria Cylindrica en Maceta Contempor\u00e1nea<\/h3>\t\t\t\t<\/div>\n\t\t\t\t<\/div>\n\t\t\t\t<div class=\"elementor-element elementor-element-9bdf087 elementor-widget elementor-widget-text-editor\" data-id=\"9bdf087\" data-element_type=\"widget\" data-e-type=\"widget\" data-widget_type=\"text-editor.default\">\n\t\t\t\t<div class=\"elementor-widget-container\">\n\t\t\t\t\t\t\t\t\t<p>Eleva tu espacio con la Sansevieria Cylindrica, una planta majestuosa y estructurada, presentada aqu\u00ed en una maceta contempor\u00e1nea de color gris suave. Conocida tambi\u00e9n como la espada de San Jorge, su forma vertical y sus hojas alargadas crean una declaraci\u00f3n visual de fuerza y crecimiento, a\u00f1adiendo una dimensi\u00f3n arquitect\u00f3nica a cualquier habitaci\u00f3n.<\/p>\t\t\t\t\t\t\t\t<\/div>\n\t\t\t\t<\/div>\n\t\t\t\t\t<\/div>\n\t\t<\/div>\n\t\t\t\t\t<\/div>\n\t\t<\/section>\n\t\t\t\t<\/div>\n\t\t","protected":false},"excerpt":{"rendered":"<p>Eleva tu espacio con la Sansevieria Cylindrica, una planta majestuosa y estructurada, presentada aqu\u00ed en una maceta contempor\u00e1nea de color gris suave. Conocida tambi\u00e9n como la espada de San Jorge, su forma vertical y sus hojas alargadas crean una declaraci\u00f3n visual de fuerza y crecimiento, a\u00f1adiendo una dimensi\u00f3n arquitect\u00f3nica a cualquier habitaci\u00f3n.<\/p>\n<p>Esta planta no solo es admirada por su perfil dram\u00e1tico sino tambi\u00e9n por su notable resistencia y facilidad de cuidado. Capaz de soportar condiciones de poca luz y riego espor\u00e1dico, es la compa\u00f1era ideal para aquellos con un estilo de vida ocupado o con poca experiencia en jardiner\u00eda.<\/p>\n<p>La maceta moderna complementa el follaje con rayas horizontales de la Sansevieria, fusionando la naturaleza con un dise\u00f1o modernista. Esta planta es perfecta como un punto focal en un espacio minimalista, un toque de naturaleza en un entorno de oficina o como un regalo para aquellos que aprecian la belleza duradera de las plantas con bajo mantenimiento.<\/p>\n","protected":false},"featured_media":55,"comment_status":"open","ping_status":"closed","template":"","meta":{"site-sidebar-layout":"default","site-content-layout":"content-boxed-container","ast-site-content-layout":"normal-width-container","site-content-style":"boxed","site-sidebar-style":"unboxed","ast-global-header-display":"","ast-banner-title-visibility":"","ast-main-header-display":"","ast-hfb-above-header-display":"","ast-hfb-below-header-display":"","ast-hfb-mobile-header-display":"","site-post-title":"","ast-breadcrumbs-content":"","ast-featured-img":"","footer-sml-layout":"","ast-disable-related-posts":"","theme-transparent-header-meta":"default","adv-header-id-meta":"","stick-header-meta":"","header-above-stick-meta":"","header-main-stick-meta":"","header-below-stick-meta":"","astra-migrate-meta-layouts":"set","ast-page-background-enabled":"default","ast-page-background-meta":{"desktop":{"background-color":"var(--ast-global-color-4)","background-image":"","background-repeat":"repeat","background-position":"center center","background-size":"auto","background-attachment":"scroll","background-type":"","background-media":"","overlay-type":"","overlay-color":"","overlay-opacity":"","overlay-gradient":""},"tablet":{"background-color":"","background-image":"","background-repeat":"repeat","background-position":"center center","background-size":"auto","background-attachment":"scroll","background-type":"","background-media":"","overlay-type":"","overlay-color":"","overlay-opacity":"","overlay-gradient":""},"mobile":{"background-color":"","background-image":"","background-repeat":"repeat","background-position":"center center","background-size":"auto","background-attachment":"scroll","background-type":"","background-media":"","overlay-type":"","overlay-color":"","overlay-opacity":"","overlay-gradient":""}},"ast-content-background-meta":{"desktop":{"background-color":"var(--ast-global-color-5)","background-image":"","background-repeat":"repeat","background-position":"center center","background-size":"auto","background-attachment":"scroll","background-type":"","background-media":"","overlay-type":"","overlay-color":"","overlay-opacity":"","overlay-gradient":""},"tablet":{"background-color":"var(--ast-global-color-5)","background-image":"","background-repeat":"repeat","background-position":"center center","background-size":"auto","background-attachment":"scroll","background-type":"","background-media":"","overlay-type":"","overlay-color":"","overlay-opacity":"","overlay-gradient":""},"mobile":{"background-color":"var(--ast-global-color-5)","background-image":"","background-repeat":"repeat","background-position":"center center","background-size":"auto","background-attachment":"scroll","background-type":"","background-media":"","overlay-type":"","overlay-color":"","overlay-opacity":"","overlay-gradient":""}}},"product_brand":[],"product_cat":[33,27],"product_tag":[],"class_list":{"0":"post-229","1":"product","2":"type-product","3":"status-publish","4":"has-post-thumbnail","6":"product_cat-medium-plants","7":"product_cat-air-purifying","8":"desktop-align-left","9":"tablet-align-left","10":"mobile-align-left","12":"first","13":"outofstock","14":"taxable","15":"shipping-taxable","16":"purchasable","17":"product-type-simple"},"_links":{"self":[{"href":"https:\/\/lasplantasdemaria.com\/index.php?rest_route=\/wp\/v2\/product\/229","targetHints":{"allow":["GET"]}}],"collection":[{"href":"https:\/\/lasplantasdemaria.com\/index.php?rest_route=\/wp\/v2\/product"}],"about":[{"href":"https:\/\/lasplantasdemaria.com\/index.php?rest_route=\/wp\/v2\/types\/product"}],"replies":[{"embeddable":true,"href":"https:\/\/lasplantasdemaria.com\/index.php?rest_route=%2Fwp%2Fv2%2Fcomments&post=229"}],"version-history":[{"count":6,"href":"https:\/\/lasplantasdemaria.com\/index.php?rest_route=\/wp\/v2\/product\/229\/revisions"}],"predecessor-version":[{"id":1768,"href":"https:\/\/lasplantasdemaria.com\/index.php?rest_route=\/wp\/v2\/product\/229\/revisions\/1768"}],"wp:featuredmedia":[{"embeddable":true,"href":"https:\/\/lasplantasdemaria.com\/index.php?rest_route=\/wp\/v2\/media\/55"}],"wp:attachment":[{"href":"https:\/\/lasplantasdemaria.com\/index.php?rest_route=%2Fwp%2Fv2%2Fmedia&parent=229"}],"wp:term":[{"taxonomy":"product_brand","embeddable":true,"href":"https:\/\/lasplantasdemaria.com\/index.php?rest_route=%2Fwp%2Fv2%2Fproduct_brand&post=229"},{"taxonomy":"product_cat","embeddable":true,"href":"https:\/\/lasplantasdemaria.com\/index.php?rest_route=%2Fwp%2Fv2%2Fproduct_cat&post=229"},{"taxonomy":"product_tag","embeddable":true,"href":"https:\/\/lasplantasdemaria.com\/index.php?rest_route=%2Fwp%2Fv2%2Fproduct_tag&post=229"}],"curies":[{"name":"wp","href":"https:\/\/api.w.org\/{rel}","templated":true}]}}