{"id":1797,"date":"2024-04-23T16:01:47","date_gmt":"2024-04-23T14:01:47","guid":{"rendered":"https:\/\/lasplantasdemaria.com\/?post_type=product&#038;p=1797"},"modified":"2024-04-27T17:51:19","modified_gmt":"2024-04-27T15:51:19","slug":"cimientos-naturales-piedras-blancas-para-terrarios-en-botella-de-vidrio","status":"publish","type":"product","link":"https:\/\/lasplantasdemaria.com\/?product=cimientos-naturales-piedras-blancas-para-terrarios-en-botella-de-vidrio","title":{"rendered":"Cimientos Naturales: Piedras Blancas para Terrarios en Botella de Vidrio"},"content":{"rendered":"\t\t<div data-elementor-type=\"wp-post\" data-elementor-id=\"1797\" class=\"elementor elementor-1797\">\n\t\t\t\t\t\t<section class=\"elementor-section elementor-top-section elementor-element elementor-element-97b3a8d elementor-section-boxed elementor-section-height-default elementor-section-height-default\" data-id=\"97b3a8d\" data-element_type=\"section\" data-e-type=\"section\">\n\t\t\t\t\t\t<div class=\"elementor-container elementor-column-gap-no\">\n\t\t\t\t\t<div class=\"elementor-column elementor-col-100 elementor-top-column elementor-element elementor-element-c5e5604\" data-id=\"c5e5604\" data-element_type=\"column\" data-e-type=\"column\">\n\t\t\t<div class=\"elementor-widget-wrap elementor-element-populated\">\n\t\t\t\t\t\t<div class=\"elementor-element elementor-element-d1f3a6a elementor-widget elementor-widget-heading\" data-id=\"d1f3a6a\" data-element_type=\"widget\" data-e-type=\"widget\" data-widget_type=\"heading.default\">\n\t\t\t\t<div class=\"elementor-widget-container\">\n\t\t\t\t\t<h3 class=\"elementor-heading-title elementor-size-default\">Piedras Blancas para Terrarios en Botella de Vidrio<\/h3>\t\t\t\t<\/div>\n\t\t\t\t<\/div>\n\t\t\t\t<div class=\"elementor-element elementor-element-30fce7f elementor-widget elementor-widget-heading\" data-id=\"30fce7f\" data-element_type=\"widget\" data-e-type=\"widget\" data-widget_type=\"heading.default\">\n\t\t\t\t<div class=\"elementor-widget-container\">\n\t\t\t\t\t<h5 class=\"elementor-heading-title elementor-size-default\">Estas piedras son ideales para crear tu propio terrario. Sigue leyendo para descubrir como!<\/h5>\t\t\t\t<\/div>\n\t\t\t\t<\/div>\n\t\t\t\t<div class=\"elementor-element elementor-element-05dce83 elementor-widget elementor-widget-text-editor\" data-id=\"05dce83\" data-element_type=\"widget\" data-e-type=\"widget\" data-widget_type=\"text-editor.default\">\n\t\t\t\t<div class=\"elementor-widget-container\">\n\t\t\t\t\t\t\t\t\t<p>Con estas sencillas pautas estar\u00e1s listo para empezar tu proyecto de terrario y disfrutar de un trocito de naturaleza dentro de tu hogar.<\/p>\t\t\t\t\t\t\t\t<\/div>\n\t\t\t\t<\/div>\n\t\t\t\t<section class=\"elementor-section elementor-inner-section elementor-element elementor-element-dd7e61a elementor-section-boxed elementor-section-height-default elementor-section-height-default\" data-id=\"dd7e61a\" data-element_type=\"section\" data-e-type=\"section\">\n\t\t\t\t\t\t<div class=\"elementor-container elementor-column-gap-no\">\n\t\t\t\t\t<div class=\"elementor-column elementor-col-50 elementor-inner-column elementor-element elementor-element-b4b9aa5\" data-id=\"b4b9aa5\" data-element_type=\"column\" data-e-type=\"column\">\n\t\t\t<div class=\"elementor-widget-wrap elementor-element-populated\">\n\t\t\t\t\t\t<div class=\"elementor-element elementor-element-ad41433 elementor-widget elementor-widget-heading\" data-id=\"ad41433\" data-element_type=\"widget\" data-e-type=\"widget\" data-widget_type=\"heading.default\">\n\t\t\t\t<div class=\"elementor-widget-container\">\n\t\t\t\t\t<h3 class=\"elementor-heading-title elementor-size-default\">Crea tu Propio Terrario<\/h3>\t\t\t\t<\/div>\n\t\t\t\t<\/div>\n\t\t\t\t<div class=\"elementor-element elementor-element-29de776 elementor-widget elementor-widget-image\" data-id=\"29de776\" data-element_type=\"widget\" data-e-type=\"widget\" data-widget_type=\"image.default\">\n\t\t\t\t<div class=\"elementor-widget-container\">\n\t\t\t\t\t\t\t\t\t\t\t\t\t\t\t<img fetchpriority=\"high\" decoding=\"async\" width=\"792\" height=\"660\" src=\"https:\/\/lasplantasdemaria.com\/wp-content\/uploads\/2024\/04\/terrarium_top_squared.jpeg\" class=\"attachment-large size-large wp-image-1810\" alt=\"\" srcset=\"https:\/\/lasplantasdemaria.com\/wp-content\/uploads\/2024\/04\/terrarium_top_squared.jpeg 792w, https:\/\/lasplantasdemaria.com\/wp-content\/uploads\/2024\/04\/terrarium_top_squared-600x500.jpeg 600w, https:\/\/lasplantasdemaria.com\/wp-content\/uploads\/2024\/04\/terrarium_top_squared-300x250.jpeg 300w, https:\/\/lasplantasdemaria.com\/wp-content\/uploads\/2024\/04\/terrarium_top_squared-768x640.jpeg 768w\" sizes=\"(max-width: 792px) 100vw, 792px\" \/>\t\t\t\t\t\t\t\t\t\t\t\t\t\t\t<\/div>\n\t\t\t\t<\/div>\n\t\t\t\t\t<\/div>\n\t\t<\/div>\n\t\t\t\t<div class=\"elementor-column elementor-col-50 elementor-inner-column elementor-element elementor-element-1bcfe85\" data-id=\"1bcfe85\" data-element_type=\"column\" data-e-type=\"column\">\n\t\t\t<div class=\"elementor-widget-wrap elementor-element-populated\">\n\t\t\t\t\t\t<div class=\"elementor-element elementor-element-c877ccf elementor-align-start elementor-icon-list--layout-traditional elementor-list-item-link-full_width elementor-widget elementor-widget-icon-list\" data-id=\"c877ccf\" data-element_type=\"widget\" data-e-type=\"widget\" data-widget_type=\"icon-list.default\">\n\t\t\t\t<div class=\"elementor-widget-container\">\n\t\t\t\t\t\t\t<ul class=\"elementor-icon-list-items\">\n\t\t\t\t\t\t\t<li class=\"elementor-icon-list-item\">\n\t\t\t\t\t\t\t\t\t\t\t<span class=\"elementor-icon-list-icon\">\n\t\t\t\t\t\t\t<svg aria-hidden=\"true\" class=\"e-font-icon-svg e-far-dot-circle\" viewBox=\"0 0 512 512\" xmlns=\"http:\/\/www.w3.org\/2000\/svg\"><path d=\"M256 56c110.532 0 200 89.451 200 200 0 110.532-89.451 200-200 200-110.532 0-200-89.451-200-200 0-110.532 89.451-200 200-200m0-48C119.033 8 8 119.033 8 256s111.033 248 248 248 248-111.033 248-248S392.967 8 256 8zm0 168c-44.183 0-80 35.817-80 80s35.817 80 80 80 80-35.817 80-80-35.817-80-80-80z\"><\/path><\/svg>\t\t\t\t\t\t<\/span>\n\t\t\t\t\t\t\t\t\t\t<span class=\"elementor-icon-list-text\"><strong>Elige el Contenedor Adecuado<\/strong>: Comienza con un recipiente de vidrio transparente que te permita ver las capas y las plantas desde todos los \u00e1ngulos. Aseg\u00farate de que sea lo suficientemente amplio como para acomodar las plantas y las capas de material.<\/span>\n\t\t\t\t\t\t\t\t\t<\/li>\n\t\t\t\t\t\t\t\t<li class=\"elementor-icon-list-item\">\n\t\t\t\t\t\t\t\t\t\t\t<span class=\"elementor-icon-list-icon\">\n\t\t\t\t\t\t\t<svg aria-hidden=\"true\" class=\"e-font-icon-svg e-far-dot-circle\" viewBox=\"0 0 512 512\" xmlns=\"http:\/\/www.w3.org\/2000\/svg\"><path d=\"M256 56c110.532 0 200 89.451 200 200 0 110.532-89.451 200-200 200-110.532 0-200-89.451-200-200 0-110.532 89.451-200 200-200m0-48C119.033 8 8 119.033 8 256s111.033 248 248 248 248-111.033 248-248S392.967 8 256 8zm0 168c-44.183 0-80 35.817-80 80s35.817 80 80 80 80-35.817 80-80-35.817-80-80-80z\"><\/path><\/svg>\t\t\t\t\t\t<\/span>\n\t\t\t\t\t\t\t\t\t\t<span class=\"elementor-icon-list-text\"><strong>Capa de Drenaje<\/strong>: Coloca una primera capa de piedras en la base para ayudar al drenaje. Si vas a usar piedras de varios colores, comienza con un color que contraste con la arena o la tierra que planeas usar.<\/span>\n\t\t\t\t\t\t\t\t\t<\/li>\n\t\t\t\t\t\t\t\t<li class=\"elementor-icon-list-item\">\n\t\t\t\t\t\t\t\t\t\t\t<span class=\"elementor-icon-list-icon\">\n\t\t\t\t\t\t\t<svg aria-hidden=\"true\" class=\"e-font-icon-svg e-far-dot-circle\" viewBox=\"0 0 512 512\" xmlns=\"http:\/\/www.w3.org\/2000\/svg\"><path d=\"M256 56c110.532 0 200 89.451 200 200 0 110.532-89.451 200-200 200-110.532 0-200-89.451-200-200 0-110.532 89.451-200 200-200m0-48C119.033 8 8 119.033 8 256s111.033 248 248 248 248-111.033 248-248S392.967 8 256 8zm0 168c-44.183 0-80 35.817-80 80s35.817 80 80 80 80-35.817 80-80-35.817-80-80-80z\"><\/path><\/svg>\t\t\t\t\t\t<\/span>\n\t\t\t\t\t\t\t\t\t\t<span class=\"elementor-icon-list-text\"><strong>Capa de Carb\u00f3n Activado<\/strong>: Justo encima de las piedras, agrega una capa fina de carb\u00f3n activado para mantener el agua limpia y evitar la formaci\u00f3n de moho y olores.<\/span>\n\t\t\t\t\t\t\t\t\t<\/li>\n\t\t\t\t\t\t\t\t<li class=\"elementor-icon-list-item\">\n\t\t\t\t\t\t\t\t\t\t\t<span class=\"elementor-icon-list-icon\">\n\t\t\t\t\t\t\t<svg aria-hidden=\"true\" class=\"e-font-icon-svg e-far-dot-circle\" viewBox=\"0 0 512 512\" xmlns=\"http:\/\/www.w3.org\/2000\/svg\"><path d=\"M256 56c110.532 0 200 89.451 200 200 0 110.532-89.451 200-200 200-110.532 0-200-89.451-200-200 0-110.532 89.451-200 200-200m0-48C119.033 8 8 119.033 8 256s111.033 248 248 248 248-111.033 248-248S392.967 8 256 8zm0 168c-44.183 0-80 35.817-80 80s35.817 80 80 80 80-35.817 80-80-35.817-80-80-80z\"><\/path><\/svg>\t\t\t\t\t\t<\/span>\n\t\t\t\t\t\t\t\t\t\t<span class=\"elementor-icon-list-text\"><strong>Capa de Arena<\/strong>: Sobre el carb\u00f3n activado, a\u00f1ade una capa de arena, que puede ser de colores si deseas a\u00f1adir un elemento decorativo adicional.<\/span>\n\t\t\t\t\t\t\t\t\t<\/li>\n\t\t\t\t\t\t\t\t<li class=\"elementor-icon-list-item\">\n\t\t\t\t\t\t\t\t\t\t\t<span class=\"elementor-icon-list-icon\">\n\t\t\t\t\t\t\t<svg aria-hidden=\"true\" class=\"e-font-icon-svg e-far-dot-circle\" viewBox=\"0 0 512 512\" xmlns=\"http:\/\/www.w3.org\/2000\/svg\"><path d=\"M256 56c110.532 0 200 89.451 200 200 0 110.532-89.451 200-200 200-110.532 0-200-89.451-200-200 0-110.532 89.451-200 200-200m0-48C119.033 8 8 119.033 8 256s111.033 248 248 248 248-111.033 248-248S392.967 8 256 8zm0 168c-44.183 0-80 35.817-80 80s35.817 80 80 80 80-35.817 80-80-35.817-80-80-80z\"><\/path><\/svg>\t\t\t\t\t\t<\/span>\n\t\t\t\t\t\t\t\t\t\t<span class=\"elementor-icon-list-text\"><strong>Capa de Tierra<\/strong>: Utiliza una tierra adecuada para el tipo de plantas que vas a plantar. Por ejemplo, tierra para cactus y suculentas si vas a usar esas plantas, o tierra rica en humus para helechos y plantas tropicales.<\/span>\n\t\t\t\t\t\t\t\t\t<\/li>\n\t\t\t\t\t\t\t\t<li class=\"elementor-icon-list-item\">\n\t\t\t\t\t\t\t\t\t\t\t<span class=\"elementor-icon-list-icon\">\n\t\t\t\t\t\t\t<svg aria-hidden=\"true\" class=\"e-font-icon-svg e-far-dot-circle\" viewBox=\"0 0 512 512\" xmlns=\"http:\/\/www.w3.org\/2000\/svg\"><path d=\"M256 56c110.532 0 200 89.451 200 200 0 110.532-89.451 200-200 200-110.532 0-200-89.451-200-200 0-110.532 89.451-200 200-200m0-48C119.033 8 8 119.033 8 256s111.033 248 248 248 248-111.033 248-248S392.967 8 256 8zm0 168c-44.183 0-80 35.817-80 80s35.817 80 80 80 80-35.817 80-80-35.817-80-80-80z\"><\/path><\/svg>\t\t\t\t\t\t<\/span>\n\t\t\t\t\t\t\t\t\t\t<span class=\"elementor-icon-list-text\"><strong>Selecci\u00f3n de Plantas<\/strong>: Elige plantas que tengan necesidades similares en cuanto a luz y agua. Las suculentas y los cactus son una buena elecci\u00f3n para principiantes, mientras que helechos y musgos requieren m\u00e1s humedad.<\/span>\n\t\t\t\t\t\t\t\t\t<\/li>\n\t\t\t\t\t\t<\/ul>\n\t\t\t\t\t\t<\/div>\n\t\t\t\t<\/div>\n\t\t\t\t\t<\/div>\n\t\t<\/div>\n\t\t\t\t\t<\/div>\n\t\t<\/section>\n\t\t\t\t\t<\/div>\n\t\t<\/div>\n\t\t\t\t\t<\/div>\n\t\t<\/section>\n\t\t\t\t<\/div>\n\t\t","protected":false},"excerpt":{"rendered":"<p>Crea la base perfecta para tu paisaje en miniatura con nuestras Piedras Blancas para Terrarios, cuidadosamente seleccionadas y presentadas en una botella de vidrio elegante y funcional. Estas piedras son el primer paso para cualquier aficionado a los terrarios que busque construir un ecosistema en miniatura con una est\u00e9tica limpia y natural.<\/p>\n<p>La botella transparente no solo sirve como un contenedor pr\u00e1ctico para las piedras, sino que tambi\u00e9n puede formar parte de la decoraci\u00f3n o almacenamiento, mostrando la pureza y la simplicidad del material. La tapa de metal garantiza que las piedras permanezcan limpias y libres de polvo hasta que est\u00e9s listo para usarlas.<\/p>\n<p>Ya sea que planees un terrario des\u00e9rtico, un jard\u00edn de suculentas o un refugio para plantas a\u00e9reas, estas piedras blancas proporcionar\u00e1n el drenaje necesario y un contraste visual que har\u00e1 que tus plantas destaquen. Son una adici\u00f3n indispensable para cualquier creador de terrarios que valore la belleza y la funcionalidad en su arte vivo.<\/p>\n","protected":false},"featured_media":1798,"comment_status":"open","ping_status":"closed","template":"","meta":{"site-sidebar-layout":"default","site-content-layout":"content-boxed-container","ast-site-content-layout":"normal-width-container","site-content-style":"boxed","site-sidebar-style":"unboxed","ast-global-header-display":"","ast-banner-title-visibility":"","ast-main-header-display":"","ast-hfb-above-header-display":"","ast-hfb-below-header-display":"","ast-hfb-mobile-header-display":"","site-post-title":"","ast-breadcrumbs-content":"","ast-featured-img":"","footer-sml-layout":"","ast-disable-related-posts":"","theme-transparent-header-meta":"default","adv-header-id-meta":"","stick-header-meta":"","header-above-stick-meta":"","header-main-stick-meta":"","header-below-stick-meta":"","astra-migrate-meta-layouts":"set","ast-page-background-enabled":"default","ast-page-background-meta":{"desktop":{"background-color":"var(--ast-global-color-4)","background-image":"","background-repeat":"repeat","background-position":"center center","background-size":"auto","background-attachment":"scroll","background-type":"","background-media":"","overlay-type":"","overlay-color":"","overlay-opacity":"","overlay-gradient":""},"tablet":{"background-color":"","background-image":"","background-repeat":"repeat","background-position":"center center","background-size":"auto","background-attachment":"scroll","background-type":"","background-media":"","overlay-type":"","overlay-color":"","overlay-opacity":"","overlay-gradient":""},"mobile":{"background-color":"","background-image":"","background-repeat":"repeat","background-position":"center center","background-size":"auto","background-attachment":"scroll","background-type":"","background-media":"","overlay-type":"","overlay-color":"","overlay-opacity":"","overlay-gradient":""}},"ast-content-background-meta":{"desktop":{"background-color":"var(--ast-global-color-5)","background-image":"","background-repeat":"repeat","background-position":"center center","background-size":"auto","background-attachment":"scroll","background-type":"","background-media":"","overlay-type":"","overlay-color":"","overlay-opacity":"","overlay-gradient":""},"tablet":{"background-color":"var(--ast-global-color-5)","background-image":"","background-repeat":"repeat","background-position":"center center","background-size":"auto","background-attachment":"scroll","background-type":"","background-media":"","overlay-type":"","overlay-color":"","overlay-opacity":"","overlay-gradient":""},"mobile":{"background-color":"var(--ast-global-color-5)","background-image":"","background-repeat":"repeat","background-position":"center center","background-size":"auto","background-attachment":"scroll","background-type":"","background-media":"","overlay-type":"","overlay-color":"","overlay-opacity":"","overlay-gradient":""}}},"product_brand":[],"product_cat":[48],"product_tag":[],"class_list":{"0":"post-1797","1":"product","2":"type-product","3":"status-publish","4":"has-post-thumbnail","6":"product_cat-arena-y-piedras","7":"desktop-align-left","8":"tablet-align-left","9":"mobile-align-left","11":"first","12":"instock","13":"taxable","14":"shipping-taxable","15":"purchasable","16":"product-type-simple"},"_links":{"self":[{"href":"https:\/\/lasplantasdemaria.com\/index.php?rest_route=\/wp\/v2\/product\/1797","targetHints":{"allow":["GET"]}}],"collection":[{"href":"https:\/\/lasplantasdemaria.com\/index.php?rest_route=\/wp\/v2\/product"}],"about":[{"href":"https:\/\/lasplantasdemaria.com\/index.php?rest_route=\/wp\/v2\/types\/product"}],"replies":[{"embeddable":true,"href":"https:\/\/lasplantasdemaria.com\/index.php?rest_route=%2Fwp%2Fv2%2Fcomments&post=1797"}],"version-history":[{"count":14,"href":"https:\/\/lasplantasdemaria.com\/index.php?rest_route=\/wp\/v2\/product\/1797\/revisions"}],"predecessor-version":[{"id":1817,"href":"https:\/\/lasplantasdemaria.com\/index.php?rest_route=\/wp\/v2\/product\/1797\/revisions\/1817"}],"wp:featuredmedia":[{"embeddable":true,"href":"https:\/\/lasplantasdemaria.com\/index.php?rest_route=\/wp\/v2\/media\/1798"}],"wp:attachment":[{"href":"https:\/\/lasplantasdemaria.com\/index.php?rest_route=%2Fwp%2Fv2%2Fmedia&parent=1797"}],"wp:term":[{"taxonomy":"product_brand","embeddable":true,"href":"https:\/\/lasplantasdemaria.com\/index.php?rest_route=%2Fwp%2Fv2%2Fproduct_brand&post=1797"},{"taxonomy":"product_cat","embeddable":true,"href":"https:\/\/lasplantasdemaria.com\/index.php?rest_route=%2Fwp%2Fv2%2Fproduct_cat&post=1797"},{"taxonomy":"product_tag","embeddable":true,"href":"https:\/\/lasplantasdemaria.com\/index.php?rest_route=%2Fwp%2Fv2%2Fproduct_tag&post=1797"}],"curies":[{"name":"wp","href":"https:\/\/api.w.org\/{rel}","templated":true}]}}