{"id":1718,"date":"2024-04-23T11:40:52","date_gmt":"2024-04-23T09:40:52","guid":{"rendered":"https:\/\/lasplantasdemaria.com\/?post_type=product&#038;p=1718"},"modified":"2024-04-27T17:53:49","modified_gmt":"2024-04-27T15:53:49","slug":"rustica-refinada-florero-de-vidrio-con-acento-de-cuerda-marina","status":"publish","type":"product","link":"https:\/\/lasplantasdemaria.com\/?product=rustica-refinada-florero-de-vidrio-con-acento-de-cuerda-marina","title":{"rendered":"R\u00fastica Refinada: Florero de Vidrio con Acento de Cuerda Marina"},"content":{"rendered":"\t\t<div data-elementor-type=\"wp-post\" data-elementor-id=\"1718\" class=\"elementor elementor-1718\">\n\t\t\t\t\t\t<section class=\"elementor-section elementor-top-section elementor-element elementor-element-a8922f7 elementor-section-boxed elementor-section-height-default elementor-section-height-default\" data-id=\"a8922f7\" data-element_type=\"section\" data-e-type=\"section\">\n\t\t\t\t\t\t<div class=\"elementor-container elementor-column-gap-no\">\n\t\t\t\t\t<div class=\"elementor-column elementor-col-100 elementor-top-column elementor-element elementor-element-c43593e\" data-id=\"c43593e\" data-element_type=\"column\" data-e-type=\"column\">\n\t\t\t<div class=\"elementor-widget-wrap elementor-element-populated\">\n\t\t\t\t\t\t<div class=\"elementor-element elementor-element-acc3898 elementor-widget elementor-widget-heading\" data-id=\"acc3898\" data-element_type=\"widget\" data-e-type=\"widget\" data-widget_type=\"heading.default\">\n\t\t\t\t<div class=\"elementor-widget-container\">\n\t\t\t\t\t<h3 class=\"elementor-heading-title elementor-size-default\">R\u00fastica Refinada: Florero de Vidrio con Acento de Cuerda Marina <\/h3>\t\t\t\t<\/div>\n\t\t\t\t<\/div>\n\t\t\t\t<div class=\"elementor-element elementor-element-82a10c5 elementor-widget elementor-widget-text-editor\" data-id=\"82a10c5\" data-element_type=\"widget\" data-e-type=\"widget\" data-widget_type=\"text-editor.default\">\n\t\t\t\t<div class=\"elementor-widget-container\">\n\t\t\t\t\t\t\t\t\t<p>Este florero de vidrio con acento de cuerda marina combina la pureza del vidrio con la textura cruda de la cuerda, creando un equilibrio visual que evoca tanto la artesan\u00eda tradicional como el dise\u00f1o contempor\u00e1neo. Es una pieza que refleja la armon\u00eda entre el mar y la transparencia del cristal, perfecta para quienes buscan agregar un toque n\u00e1utico a su decoraci\u00f3n.<\/p>\t\t\t\t\t\t\t\t<\/div>\n\t\t\t\t<\/div>\n\t\t\t\t\t<\/div>\n\t\t<\/div>\n\t\t\t\t\t<\/div>\n\t\t<\/section>\n\t\t\t\t<\/div>\n\t\t","protected":false},"excerpt":{"rendered":"<p>Este florero de vidrio con acento de cuerda marina combina la pureza del vidrio con la textura cruda de la cuerda, creando un equilibrio visual que evoca tanto la artesan\u00eda tradicional como el dise\u00f1o contempor\u00e1neo. Es una pieza que refleja la armon\u00eda entre el mar y la transparencia del cristal, perfecta para quienes buscan agregar un toque n\u00e1utico a su decoraci\u00f3n.<\/p>\n<p>La forma del florero, simple pero elegante, es ideal para exhibir flores frescas, ramas secas o incluso como contenedor de velas para una iluminaci\u00f3n suave y c\u00e1lida. La cuerda gruesa no solo sirve como un detalle decorativo sino tambi\u00e9n como una manera pr\u00e1ctica de transportar el florero de un lugar a otro.<\/p>\n<p>Este florero es un tributo a la belleza encontrada en los materiales naturales y el dise\u00f1o sin esfuerzo. Su presencia sutil pero llamativa lo convierte en un complemento ideal para interiores que buscan reflejar elementos del exterior, y su dise\u00f1o vers\u00e1til asegura que se adapte bien en cualquier estancia, desde una cocina soleada hasta un ba\u00f1o tranquilo o un acogedor sal\u00f3n.<\/p>\n","protected":false},"featured_media":1719,"comment_status":"open","ping_status":"closed","template":"","meta":{"site-sidebar-layout":"default","site-content-layout":"content-boxed-container","ast-site-content-layout":"normal-width-container","site-content-style":"boxed","site-sidebar-style":"unboxed","ast-global-header-display":"","ast-banner-title-visibility":"","ast-main-header-display":"","ast-hfb-above-header-display":"","ast-hfb-below-header-display":"","ast-hfb-mobile-header-display":"","site-post-title":"","ast-breadcrumbs-content":"","ast-featured-img":"","footer-sml-layout":"","ast-disable-related-posts":"","theme-transparent-header-meta":"default","adv-header-id-meta":"","stick-header-meta":"","header-above-stick-meta":"","header-main-stick-meta":"","header-below-stick-meta":"","astra-migrate-meta-layouts":"set","ast-page-background-enabled":"default","ast-page-background-meta":{"desktop":{"background-color":"var(--ast-global-color-4)","background-image":"","background-repeat":"repeat","background-position":"center center","background-size":"auto","background-attachment":"scroll","background-type":"","background-media":"","overlay-type":"","overlay-color":"","overlay-opacity":"","overlay-gradient":""},"tablet":{"background-color":"","background-image":"","background-repeat":"repeat","background-position":"center center","background-size":"auto","background-attachment":"scroll","background-type":"","background-media":"","overlay-type":"","overlay-color":"","overlay-opacity":"","overlay-gradient":""},"mobile":{"background-color":"","background-image":"","background-repeat":"repeat","background-position":"center center","background-size":"auto","background-attachment":"scroll","background-type":"","background-media":"","overlay-type":"","overlay-color":"","overlay-opacity":"","overlay-gradient":""}},"ast-content-background-meta":{"desktop":{"background-color":"var(--ast-global-color-5)","background-image":"","background-repeat":"repeat","background-position":"center center","background-size":"auto","background-attachment":"scroll","background-type":"","background-media":"","overlay-type":"","overlay-color":"","overlay-opacity":"","overlay-gradient":""},"tablet":{"background-color":"var(--ast-global-color-5)","background-image":"","background-repeat":"repeat","background-position":"center center","background-size":"auto","background-attachment":"scroll","background-type":"","background-media":"","overlay-type":"","overlay-color":"","overlay-opacity":"","overlay-gradient":""},"mobile":{"background-color":"var(--ast-global-color-5)","background-image":"","background-repeat":"repeat","background-position":"center center","background-size":"auto","background-attachment":"scroll","background-type":"","background-media":"","overlay-type":"","overlay-color":"","overlay-opacity":"","overlay-gradient":""}}},"product_brand":[],"product_cat":[47],"product_tag":[],"class_list":{"0":"post-1718","1":"product","2":"type-product","3":"status-publish","4":"has-post-thumbnail","6":"product_cat-recipientes","7":"desktop-align-left","8":"tablet-align-left","9":"mobile-align-left","11":"first","12":"instock","13":"taxable","14":"shipping-taxable","15":"purchasable","16":"product-type-simple"},"_links":{"self":[{"href":"https:\/\/lasplantasdemaria.com\/index.php?rest_route=\/wp\/v2\/product\/1718","targetHints":{"allow":["GET"]}}],"collection":[{"href":"https:\/\/lasplantasdemaria.com\/index.php?rest_route=\/wp\/v2\/product"}],"about":[{"href":"https:\/\/lasplantasdemaria.com\/index.php?rest_route=\/wp\/v2\/types\/product"}],"replies":[{"embeddable":true,"href":"https:\/\/lasplantasdemaria.com\/index.php?rest_route=%2Fwp%2Fv2%2Fcomments&post=1718"}],"version-history":[{"count":5,"href":"https:\/\/lasplantasdemaria.com\/index.php?rest_route=\/wp\/v2\/product\/1718\/revisions"}],"predecessor-version":[{"id":1906,"href":"https:\/\/lasplantasdemaria.com\/index.php?rest_route=\/wp\/v2\/product\/1718\/revisions\/1906"}],"wp:featuredmedia":[{"embeddable":true,"href":"https:\/\/lasplantasdemaria.com\/index.php?rest_route=\/wp\/v2\/media\/1719"}],"wp:attachment":[{"href":"https:\/\/lasplantasdemaria.com\/index.php?rest_route=%2Fwp%2Fv2%2Fmedia&parent=1718"}],"wp:term":[{"taxonomy":"product_brand","embeddable":true,"href":"https:\/\/lasplantasdemaria.com\/index.php?rest_route=%2Fwp%2Fv2%2Fproduct_brand&post=1718"},{"taxonomy":"product_cat","embeddable":true,"href":"https:\/\/lasplantasdemaria.com\/index.php?rest_route=%2Fwp%2Fv2%2Fproduct_cat&post=1718"},{"taxonomy":"product_tag","embeddable":true,"href":"https:\/\/lasplantasdemaria.com\/index.php?rest_route=%2Fwp%2Fv2%2Fproduct_tag&post=1718"}],"curies":[{"name":"wp","href":"https:\/\/api.w.org\/{rel}","templated":true}]}}