{"id":1712,"date":"2024-04-23T11:37:34","date_gmt":"2024-04-23T09:37:34","guid":{"rendered":"https:\/\/lasplantasdemaria.com\/?post_type=product&#038;p=1712"},"modified":"2024-04-27T17:55:22","modified_gmt":"2024-04-27T15:55:22","slug":"elegancia-funcional-lampara-de-jardin-moderna","status":"publish","type":"product","link":"https:\/\/lasplantasdemaria.com\/?product=elegancia-funcional-lampara-de-jardin-moderna","title":{"rendered":"Elegancia Funcional: L\u00e1mpara LED Ecol\u00f3gica para Terrarios"},"content":{"rendered":"\t\t<div data-elementor-type=\"wp-post\" data-elementor-id=\"1712\" class=\"elementor elementor-1712\">\n\t\t\t\t\t\t<section class=\"elementor-section elementor-top-section elementor-element elementor-element-ff14181 elementor-section-boxed elementor-section-height-default elementor-section-height-default\" data-id=\"ff14181\" data-element_type=\"section\" data-e-type=\"section\">\n\t\t\t\t\t\t<div class=\"elementor-container elementor-column-gap-no\">\n\t\t\t\t\t<div class=\"elementor-column elementor-col-100 elementor-top-column elementor-element elementor-element-3a239a1\" data-id=\"3a239a1\" data-element_type=\"column\" data-e-type=\"column\">\n\t\t\t<div class=\"elementor-widget-wrap elementor-element-populated\">\n\t\t\t\t\t\t<div class=\"elementor-element elementor-element-c5d616f elementor-widget elementor-widget-heading\" data-id=\"c5d616f\" data-element_type=\"widget\" data-e-type=\"widget\" data-widget_type=\"heading.default\">\n\t\t\t\t<div class=\"elementor-widget-container\">\n\t\t\t\t\t<h3 class=\"elementor-heading-title elementor-size-default\">Elegancia Funcional: L\u00e1mpara LED Ecol\u00f3gica para Terrarios<\/h3>\t\t\t\t<\/div>\n\t\t\t\t<\/div>\n\t\t\t\t<div class=\"elementor-element elementor-element-ffab082 elementor-widget elementor-widget-heading\" data-id=\"ffab082\" data-element_type=\"widget\" data-e-type=\"widget\" data-widget_type=\"heading.default\">\n\t\t\t\t<div class=\"elementor-widget-container\">\n\t\t\t\t\t<h5 class=\"elementor-heading-title elementor-size-default\">Nuestra L\u00e1mpara LED Ecol\u00f3gica est\u00e1 dise\u00f1ada espec\u00edficamente para realzar y sostener la vida dentro de tu terrario.<\/h5>\t\t\t\t<\/div>\n\t\t\t\t<\/div>\n\t\t\t\t<div class=\"elementor-element elementor-element-bed249d elementor-widget elementor-widget-text-editor\" data-id=\"bed249d\" data-element_type=\"widget\" data-e-type=\"widget\" data-widget_type=\"text-editor.default\">\n\t\t\t\t<div class=\"elementor-widget-container\">\n\t\t\t\t\t\t\t\t\t<p>Con estas sencillas pautas estar\u00e1s listo para empezar tu proyecto de terrario y disfrutar de un trocito de naturaleza dentro de tu hogar.<\/p>\t\t\t\t\t\t\t\t<\/div>\n\t\t\t\t<\/div>\n\t\t\t\t<section class=\"elementor-section elementor-inner-section elementor-element elementor-element-b732dd4 elementor-section-boxed elementor-section-height-default elementor-section-height-default\" data-id=\"b732dd4\" data-element_type=\"section\" data-e-type=\"section\">\n\t\t\t\t\t\t<div class=\"elementor-container elementor-column-gap-no\">\n\t\t\t\t\t<div class=\"elementor-column elementor-col-50 elementor-inner-column elementor-element elementor-element-15c9cba\" data-id=\"15c9cba\" data-element_type=\"column\" data-e-type=\"column\">\n\t\t\t<div class=\"elementor-widget-wrap elementor-element-populated\">\n\t\t\t\t\t\t<div class=\"elementor-element elementor-element-7793452 elementor-widget elementor-widget-heading\" data-id=\"7793452\" data-element_type=\"widget\" data-e-type=\"widget\" data-widget_type=\"heading.default\">\n\t\t\t\t<div class=\"elementor-widget-container\">\n\t\t\t\t\t<h3 class=\"elementor-heading-title elementor-size-default\">Crea tu Propio Terrario<\/h3>\t\t\t\t<\/div>\n\t\t\t\t<\/div>\n\t\t\t\t<div class=\"elementor-element elementor-element-9fb834c elementor-widget elementor-widget-image\" data-id=\"9fb834c\" data-element_type=\"widget\" data-e-type=\"widget\" data-widget_type=\"image.default\">\n\t\t\t\t<div class=\"elementor-widget-container\">\n\t\t\t\t\t\t\t\t\t\t\t\t\t\t\t<img fetchpriority=\"high\" decoding=\"async\" width=\"792\" height=\"660\" src=\"https:\/\/lasplantasdemaria.com\/wp-content\/uploads\/2024\/04\/terrarium_top_squared.jpeg\" class=\"attachment-large size-large wp-image-1810\" alt=\"\" srcset=\"https:\/\/lasplantasdemaria.com\/wp-content\/uploads\/2024\/04\/terrarium_top_squared.jpeg 792w, https:\/\/lasplantasdemaria.com\/wp-content\/uploads\/2024\/04\/terrarium_top_squared-600x500.jpeg 600w, https:\/\/lasplantasdemaria.com\/wp-content\/uploads\/2024\/04\/terrarium_top_squared-300x250.jpeg 300w, https:\/\/lasplantasdemaria.com\/wp-content\/uploads\/2024\/04\/terrarium_top_squared-768x640.jpeg 768w\" sizes=\"(max-width: 792px) 100vw, 792px\" \/>\t\t\t\t\t\t\t\t\t\t\t\t\t\t\t<\/div>\n\t\t\t\t<\/div>\n\t\t\t\t\t<\/div>\n\t\t<\/div>\n\t\t\t\t<div class=\"elementor-column elementor-col-50 elementor-inner-column elementor-element elementor-element-92c03df\" data-id=\"92c03df\" data-element_type=\"column\" data-e-type=\"column\">\n\t\t\t<div class=\"elementor-widget-wrap elementor-element-populated\">\n\t\t\t\t\t\t<div class=\"elementor-element elementor-element-50f556e elementor-align-start elementor-icon-list--layout-traditional elementor-list-item-link-full_width elementor-widget elementor-widget-icon-list\" data-id=\"50f556e\" data-element_type=\"widget\" data-e-type=\"widget\" data-widget_type=\"icon-list.default\">\n\t\t\t\t<div class=\"elementor-widget-container\">\n\t\t\t\t\t\t\t<ul class=\"elementor-icon-list-items\">\n\t\t\t\t\t\t\t<li class=\"elementor-icon-list-item\">\n\t\t\t\t\t\t\t\t\t\t\t<span class=\"elementor-icon-list-icon\">\n\t\t\t\t\t\t\t<svg aria-hidden=\"true\" class=\"e-font-icon-svg e-far-dot-circle\" viewBox=\"0 0 512 512\" xmlns=\"http:\/\/www.w3.org\/2000\/svg\"><path d=\"M256 56c110.532 0 200 89.451 200 200 0 110.532-89.451 200-200 200-110.532 0-200-89.451-200-200 0-110.532 89.451-200 200-200m0-48C119.033 8 8 119.033 8 256s111.033 248 248 248 248-111.033 248-248S392.967 8 256 8zm0 168c-44.183 0-80 35.817-80 80s35.817 80 80 80 80-35.817 80-80-35.817-80-80-80z\"><\/path><\/svg>\t\t\t\t\t\t<\/span>\n\t\t\t\t\t\t\t\t\t\t<span class=\"elementor-icon-list-text\"><strong>Elige el Contenedor Adecuado<\/strong>: Comienza con un recipiente de vidrio transparente que te permita ver las capas y las plantas desde todos los \u00e1ngulos. Aseg\u00farate de que sea lo suficientemente amplio como para acomodar las plantas y las capas de material.<\/span>\n\t\t\t\t\t\t\t\t\t<\/li>\n\t\t\t\t\t\t\t\t<li class=\"elementor-icon-list-item\">\n\t\t\t\t\t\t\t\t\t\t\t<span class=\"elementor-icon-list-icon\">\n\t\t\t\t\t\t\t<svg aria-hidden=\"true\" class=\"e-font-icon-svg e-far-dot-circle\" viewBox=\"0 0 512 512\" xmlns=\"http:\/\/www.w3.org\/2000\/svg\"><path d=\"M256 56c110.532 0 200 89.451 200 200 0 110.532-89.451 200-200 200-110.532 0-200-89.451-200-200 0-110.532 89.451-200 200-200m0-48C119.033 8 8 119.033 8 256s111.033 248 248 248 248-111.033 248-248S392.967 8 256 8zm0 168c-44.183 0-80 35.817-80 80s35.817 80 80 80 80-35.817 80-80-35.817-80-80-80z\"><\/path><\/svg>\t\t\t\t\t\t<\/span>\n\t\t\t\t\t\t\t\t\t\t<span class=\"elementor-icon-list-text\"><strong>Capa de Drenaje<\/strong>: Coloca una primera capa de piedras en la base para ayudar al drenaje. Si vas a usar piedras de varios colores, comienza con un color que contraste con la arena o la tierra que planeas usar.<\/span>\n\t\t\t\t\t\t\t\t\t<\/li>\n\t\t\t\t\t\t\t\t<li class=\"elementor-icon-list-item\">\n\t\t\t\t\t\t\t\t\t\t\t<span class=\"elementor-icon-list-icon\">\n\t\t\t\t\t\t\t<svg aria-hidden=\"true\" class=\"e-font-icon-svg e-far-dot-circle\" viewBox=\"0 0 512 512\" xmlns=\"http:\/\/www.w3.org\/2000\/svg\"><path d=\"M256 56c110.532 0 200 89.451 200 200 0 110.532-89.451 200-200 200-110.532 0-200-89.451-200-200 0-110.532 89.451-200 200-200m0-48C119.033 8 8 119.033 8 256s111.033 248 248 248 248-111.033 248-248S392.967 8 256 8zm0 168c-44.183 0-80 35.817-80 80s35.817 80 80 80 80-35.817 80-80-35.817-80-80-80z\"><\/path><\/svg>\t\t\t\t\t\t<\/span>\n\t\t\t\t\t\t\t\t\t\t<span class=\"elementor-icon-list-text\"><strong>Capa de Carb\u00f3n Activado<\/strong>: Justo encima de las piedras, agrega una capa fina de carb\u00f3n activado para mantener el agua limpia y evitar la formaci\u00f3n de moho y olores.<\/span>\n\t\t\t\t\t\t\t\t\t<\/li>\n\t\t\t\t\t\t\t\t<li class=\"elementor-icon-list-item\">\n\t\t\t\t\t\t\t\t\t\t\t<span class=\"elementor-icon-list-icon\">\n\t\t\t\t\t\t\t<svg aria-hidden=\"true\" class=\"e-font-icon-svg e-far-dot-circle\" viewBox=\"0 0 512 512\" xmlns=\"http:\/\/www.w3.org\/2000\/svg\"><path d=\"M256 56c110.532 0 200 89.451 200 200 0 110.532-89.451 200-200 200-110.532 0-200-89.451-200-200 0-110.532 89.451-200 200-200m0-48C119.033 8 8 119.033 8 256s111.033 248 248 248 248-111.033 248-248S392.967 8 256 8zm0 168c-44.183 0-80 35.817-80 80s35.817 80 80 80 80-35.817 80-80-35.817-80-80-80z\"><\/path><\/svg>\t\t\t\t\t\t<\/span>\n\t\t\t\t\t\t\t\t\t\t<span class=\"elementor-icon-list-text\"><strong>Capa de Arena<\/strong>: Sobre el carb\u00f3n activado, a\u00f1ade una capa de arena, que puede ser de colores si deseas a\u00f1adir un elemento decorativo adicional.<\/span>\n\t\t\t\t\t\t\t\t\t<\/li>\n\t\t\t\t\t\t\t\t<li class=\"elementor-icon-list-item\">\n\t\t\t\t\t\t\t\t\t\t\t<span class=\"elementor-icon-list-icon\">\n\t\t\t\t\t\t\t<svg aria-hidden=\"true\" class=\"e-font-icon-svg e-far-dot-circle\" viewBox=\"0 0 512 512\" xmlns=\"http:\/\/www.w3.org\/2000\/svg\"><path d=\"M256 56c110.532 0 200 89.451 200 200 0 110.532-89.451 200-200 200-110.532 0-200-89.451-200-200 0-110.532 89.451-200 200-200m0-48C119.033 8 8 119.033 8 256s111.033 248 248 248 248-111.033 248-248S392.967 8 256 8zm0 168c-44.183 0-80 35.817-80 80s35.817 80 80 80 80-35.817 80-80-35.817-80-80-80z\"><\/path><\/svg>\t\t\t\t\t\t<\/span>\n\t\t\t\t\t\t\t\t\t\t<span class=\"elementor-icon-list-text\"><strong>Capa de Tierra<\/strong>: Utiliza una tierra adecuada para el tipo de plantas que vas a plantar. Por ejemplo, tierra para cactus y suculentas si vas a usar esas plantas, o tierra rica en humus para helechos y plantas tropicales.<\/span>\n\t\t\t\t\t\t\t\t\t<\/li>\n\t\t\t\t\t\t\t\t<li class=\"elementor-icon-list-item\">\n\t\t\t\t\t\t\t\t\t\t\t<span class=\"elementor-icon-list-icon\">\n\t\t\t\t\t\t\t<svg aria-hidden=\"true\" class=\"e-font-icon-svg e-far-dot-circle\" viewBox=\"0 0 512 512\" xmlns=\"http:\/\/www.w3.org\/2000\/svg\"><path d=\"M256 56c110.532 0 200 89.451 200 200 0 110.532-89.451 200-200 200-110.532 0-200-89.451-200-200 0-110.532 89.451-200 200-200m0-48C119.033 8 8 119.033 8 256s111.033 248 248 248 248-111.033 248-248S392.967 8 256 8zm0 168c-44.183 0-80 35.817-80 80s35.817 80 80 80 80-35.817 80-80-35.817-80-80-80z\"><\/path><\/svg>\t\t\t\t\t\t<\/span>\n\t\t\t\t\t\t\t\t\t\t<span class=\"elementor-icon-list-text\"><strong>Selecci\u00f3n de Plantas<\/strong>: Elige plantas que tengan necesidades similares en cuanto a luz y agua. Las suculentas y los cactus son una buena elecci\u00f3n para principiantes, mientras que helechos y musgos requieren m\u00e1s humedad.<\/span>\n\t\t\t\t\t\t\t\t\t<\/li>\n\t\t\t\t\t\t<\/ul>\n\t\t\t\t\t\t<\/div>\n\t\t\t\t<\/div>\n\t\t\t\t\t<\/div>\n\t\t<\/div>\n\t\t\t\t\t<\/div>\n\t\t<\/section>\n\t\t\t\t\t<\/div>\n\t\t<\/div>\n\t\t\t\t\t<\/div>\n\t\t<\/section>\n\t\t\t\t<\/div>\n\t\t","protected":false},"excerpt":{"rendered":"<p>Nuestra L\u00e1mpara LED Ecol\u00f3gica est\u00e1 dise\u00f1ada espec\u00edficamente para realzar y sostener la vida dentro de tu terrario. Esta l\u00e1mpara de esbeltez moderna y dise\u00f1o minimalista proporciona la iluminaci\u00f3n ideal para simular el espectro natural de luz, vital para el crecimiento saludable de tus plantas de terrario. Con una luz suave y constante, esta l\u00e1mpara es capaz de mantener el clima perfecto para tus mini ecosistemas, promoviendo la fotos\u00edntesis sin el riesgo de sobrecalentamiento.<\/p>\n<p>Hecha con materiales sostenibles y de bajo consumo energ\u00e9tico, esta l\u00e1mpara LED es amigable con el medio ambiente y con tu bolsillo. Su dise\u00f1o elegante y discreto complementa la est\u00e9tica de tu terrario, haciendo que las plantas, piedras y capas de sustrato se conviertan en el foco visual. F\u00e1cil de instalar y a\u00fan m\u00e1s sencilla de disfrutar, esta l\u00e1mpara LED ecol\u00f3gica es el toque final para garantizar que tu jard\u00edn en miniatura no solo sobreviva, sino que tambi\u00e9n prospere.<\/p>\n","protected":false},"featured_media":1713,"comment_status":"open","ping_status":"closed","template":"","meta":{"site-sidebar-layout":"default","site-content-layout":"content-boxed-container","ast-site-content-layout":"normal-width-container","site-content-style":"boxed","site-sidebar-style":"unboxed","ast-global-header-display":"","ast-banner-title-visibility":"","ast-main-header-display":"","ast-hfb-above-header-display":"","ast-hfb-below-header-display":"","ast-hfb-mobile-header-display":"","site-post-title":"","ast-breadcrumbs-content":"","ast-featured-img":"","footer-sml-layout":"","ast-disable-related-posts":"","theme-transparent-header-meta":"default","adv-header-id-meta":"","stick-header-meta":"","header-above-stick-meta":"","header-main-stick-meta":"","header-below-stick-meta":"","astra-migrate-meta-layouts":"set","ast-page-background-enabled":"default","ast-page-background-meta":{"desktop":{"background-color":"var(--ast-global-color-4)","background-image":"","background-repeat":"repeat","background-position":"center center","background-size":"auto","background-attachment":"scroll","background-type":"","background-media":"","overlay-type":"","overlay-color":"","overlay-opacity":"","overlay-gradient":""},"tablet":{"background-color":"","background-image":"","background-repeat":"repeat","background-position":"center center","background-size":"auto","background-attachment":"scroll","background-type":"","background-media":"","overlay-type":"","overlay-color":"","overlay-opacity":"","overlay-gradient":""},"mobile":{"background-color":"","background-image":"","background-repeat":"repeat","background-position":"center center","background-size":"auto","background-attachment":"scroll","background-type":"","background-media":"","overlay-type":"","overlay-color":"","overlay-opacity":"","overlay-gradient":""}},"ast-content-background-meta":{"desktop":{"background-color":"var(--ast-global-color-5)","background-image":"","background-repeat":"repeat","background-position":"center center","background-size":"auto","background-attachment":"scroll","background-type":"","background-media":"","overlay-type":"","overlay-color":"","overlay-opacity":"","overlay-gradient":""},"tablet":{"background-color":"var(--ast-global-color-5)","background-image":"","background-repeat":"repeat","background-position":"center center","background-size":"auto","background-attachment":"scroll","background-type":"","background-media":"","overlay-type":"","overlay-color":"","overlay-opacity":"","overlay-gradient":""},"mobile":{"background-color":"var(--ast-global-color-5)","background-image":"","background-repeat":"repeat","background-position":"center center","background-size":"auto","background-attachment":"scroll","background-type":"","background-media":"","overlay-type":"","overlay-color":"","overlay-opacity":"","overlay-gradient":""}}},"product_brand":[],"product_cat":[49],"product_tag":[],"class_list":{"0":"post-1712","1":"product","2":"type-product","3":"status-publish","4":"has-post-thumbnail","6":"product_cat-accesorios","7":"desktop-align-left","8":"tablet-align-left","9":"mobile-align-left","11":"first","12":"instock","13":"taxable","14":"shipping-taxable","15":"purchasable","16":"product-type-simple"},"_links":{"self":[{"href":"https:\/\/lasplantasdemaria.com\/index.php?rest_route=\/wp\/v2\/product\/1712","targetHints":{"allow":["GET"]}}],"collection":[{"href":"https:\/\/lasplantasdemaria.com\/index.php?rest_route=\/wp\/v2\/product"}],"about":[{"href":"https:\/\/lasplantasdemaria.com\/index.php?rest_route=\/wp\/v2\/types\/product"}],"replies":[{"embeddable":true,"href":"https:\/\/lasplantasdemaria.com\/index.php?rest_route=%2Fwp%2Fv2%2Fcomments&post=1712"}],"version-history":[{"count":6,"href":"https:\/\/lasplantasdemaria.com\/index.php?rest_route=\/wp\/v2\/product\/1712\/revisions"}],"predecessor-version":[{"id":1908,"href":"https:\/\/lasplantasdemaria.com\/index.php?rest_route=\/wp\/v2\/product\/1712\/revisions\/1908"}],"wp:featuredmedia":[{"embeddable":true,"href":"https:\/\/lasplantasdemaria.com\/index.php?rest_route=\/wp\/v2\/media\/1713"}],"wp:attachment":[{"href":"https:\/\/lasplantasdemaria.com\/index.php?rest_route=%2Fwp%2Fv2%2Fmedia&parent=1712"}],"wp:term":[{"taxonomy":"product_brand","embeddable":true,"href":"https:\/\/lasplantasdemaria.com\/index.php?rest_route=%2Fwp%2Fv2%2Fproduct_brand&post=1712"},{"taxonomy":"product_cat","embeddable":true,"href":"https:\/\/lasplantasdemaria.com\/index.php?rest_route=%2Fwp%2Fv2%2Fproduct_cat&post=1712"},{"taxonomy":"product_tag","embeddable":true,"href":"https:\/\/lasplantasdemaria.com\/index.php?rest_route=%2Fwp%2Fv2%2Fproduct_tag&post=1712"}],"curies":[{"name":"wp","href":"https:\/\/api.w.org\/{rel}","templated":true}]}}