{"id":1706,"date":"2024-04-23T11:31:45","date_gmt":"2024-04-23T09:31:45","guid":{"rendered":"https:\/\/lasplantasdemaria.com\/?post_type=product&#038;p=1706"},"modified":"2024-04-28T09:13:04","modified_gmt":"2024-04-28T07:13:04","slug":"susurro-de-la-naturaleza-rosa-preservada-en-miniatura-de-vidrio","status":"publish","type":"product","link":"https:\/\/lasplantasdemaria.com\/?product=susurro-de-la-naturaleza-rosa-preservada-en-miniatura-de-vidrio","title":{"rendered":"Susurro de la Naturaleza: Rosa Preservada en Miniatura de Vidrio"},"content":{"rendered":"\t\t<div data-elementor-type=\"wp-post\" data-elementor-id=\"1706\" class=\"elementor elementor-1706\">\n\t\t\t\t\t\t<section class=\"elementor-section elementor-top-section elementor-element elementor-element-a8922f7 elementor-section-boxed elementor-section-height-default elementor-section-height-default\" data-id=\"a8922f7\" data-element_type=\"section\" data-e-type=\"section\">\n\t\t\t\t\t\t<div class=\"elementor-container elementor-column-gap-no\">\n\t\t\t\t\t<div class=\"elementor-column elementor-col-100 elementor-top-column elementor-element elementor-element-c43593e\" data-id=\"c43593e\" data-element_type=\"column\" data-e-type=\"column\">\n\t\t\t<div class=\"elementor-widget-wrap elementor-element-populated\">\n\t\t\t\t\t\t<div class=\"elementor-element elementor-element-acc3898 elementor-widget elementor-widget-heading\" data-id=\"acc3898\" data-element_type=\"widget\" data-e-type=\"widget\" data-widget_type=\"heading.default\">\n\t\t\t\t<div class=\"elementor-widget-container\">\n\t\t\t\t\t<h3 class=\"elementor-heading-title elementor-size-default\">Susurro de la Naturaleza: Rosa Preservada en Miniatura de Vidrio<\/h3>\t\t\t\t<\/div>\n\t\t\t\t<\/div>\n\t\t\t\t<div class=\"elementor-element elementor-element-82a10c5 elementor-widget elementor-widget-text-editor\" data-id=\"82a10c5\" data-element_type=\"widget\" data-e-type=\"widget\" data-widget_type=\"text-editor.default\">\n\t\t\t\t<div class=\"elementor-widget-container\">\n\t\t\t\t\t\t\t\t\t<p>Esta delicada creaci\u00f3n, \u201cSusurro de la Naturaleza\u201d, captura la esencia pura de la belleza floral en su forma m\u00e1s encantadora. Presentamos una sola rosa preservada, cuyo rojo intenso simboliza un amor profundo y duradero, dentro de una miniatura de vidrio adornada con una cuerda r\u00fastica para un toque de calidez y autenticidad.<\/p><p>Este terrario es un regalo excepcional, una manera refinada de expresar sentimientos eternos sin palabras. Tambi\u00e9n es una adici\u00f3n encantadora para el hogar, ofreciendo un fragmento de eternidad en un mundo que cambia r\u00e1pidamente. Con cuidado cero y una durabilidad asombrosa, el \u201cSusurro de la Naturaleza\u201d es una elecci\u00f3n exquisita para aquellos que desean traer un toque de romance perdurable y elegancia natural a su entorno.<\/p>\t\t\t\t\t\t\t\t<\/div>\n\t\t\t\t<\/div>\n\t\t\t\t\t<\/div>\n\t\t<\/div>\n\t\t\t\t\t<\/div>\n\t\t<\/section>\n\t\t\t\t<\/div>\n\t\t","protected":false},"excerpt":{"rendered":"<p>Esta delicada creaci\u00f3n, \u00abSusurro de la Naturaleza\u00bb, captura la esencia pura de la belleza floral en su forma m\u00e1s encantadora. Presentamos una sola rosa preservada, cuyo rojo intenso simboliza un amor profundo y duradero, dentro de una miniatura de vidrio adornada con una cuerda r\u00fastica para un toque de calidez y autenticidad.<\/p>\n<p>La rosa, perfectamente conservada en su apogeo, se asienta sobre una cama de piedras blancas pulidas que realzan su color vibrante. Rodeada de aire y ligereza, la rosa se convierte en una pieza central, invitando a la contemplaci\u00f3n y a la admiraci\u00f3n. La miniatura de vidrio no solo protege y preserva la forma perfecta de la rosa, sino que tambi\u00e9n ofrece una vista clara de su delicada belleza desde cualquier \u00e1ngulo.<\/p>\n<p>Este terrario es un regalo excepcional, una manera refinada de expresar sentimientos eternos sin palabras. Tambi\u00e9n es una adici\u00f3n encantadora para el hogar, ofreciendo un fragmento de eternidad en un mundo que cambia r\u00e1pidamente. Con cuidado cero y una durabilidad asombrosa, el \u00abSusurro de la Naturaleza\u00bb es una elecci\u00f3n exquisita para aquellos que desean traer un toque de romance perdurable y elegancia natural a su entorno.<\/p>\n","protected":false},"featured_media":1707,"comment_status":"open","ping_status":"closed","template":"","meta":{"site-sidebar-layout":"default","site-content-layout":"content-boxed-container","ast-site-content-layout":"normal-width-container","site-content-style":"boxed","site-sidebar-style":"unboxed","ast-global-header-display":"","ast-banner-title-visibility":"","ast-main-header-display":"","ast-hfb-above-header-display":"","ast-hfb-below-header-display":"","ast-hfb-mobile-header-display":"","site-post-title":"","ast-breadcrumbs-content":"","ast-featured-img":"","footer-sml-layout":"","ast-disable-related-posts":"","theme-transparent-header-meta":"default","adv-header-id-meta":"","stick-header-meta":"","header-above-stick-meta":"","header-main-stick-meta":"","header-below-stick-meta":"","astra-migrate-meta-layouts":"set","ast-page-background-enabled":"default","ast-page-background-meta":{"desktop":{"background-color":"var(--ast-global-color-4)","background-image":"","background-repeat":"repeat","background-position":"center center","background-size":"auto","background-attachment":"scroll","background-type":"","background-media":"","overlay-type":"","overlay-color":"","overlay-opacity":"","overlay-gradient":""},"tablet":{"background-color":"","background-image":"","background-repeat":"repeat","background-position":"center center","background-size":"auto","background-attachment":"scroll","background-type":"","background-media":"","overlay-type":"","overlay-color":"","overlay-opacity":"","overlay-gradient":""},"mobile":{"background-color":"","background-image":"","background-repeat":"repeat","background-position":"center center","background-size":"auto","background-attachment":"scroll","background-type":"","background-media":"","overlay-type":"","overlay-color":"","overlay-opacity":"","overlay-gradient":""}},"ast-content-background-meta":{"desktop":{"background-color":"var(--ast-global-color-5)","background-image":"","background-repeat":"repeat","background-position":"center center","background-size":"auto","background-attachment":"scroll","background-type":"","background-media":"","overlay-type":"","overlay-color":"","overlay-opacity":"","overlay-gradient":""},"tablet":{"background-color":"var(--ast-global-color-5)","background-image":"","background-repeat":"repeat","background-position":"center center","background-size":"auto","background-attachment":"scroll","background-type":"","background-media":"","overlay-type":"","overlay-color":"","overlay-opacity":"","overlay-gradient":""},"mobile":{"background-color":"var(--ast-global-color-5)","background-image":"","background-repeat":"repeat","background-position":"center center","background-size":"auto","background-attachment":"scroll","background-type":"","background-media":"","overlay-type":"","overlay-color":"","overlay-opacity":"","overlay-gradient":""}}},"product_brand":[],"product_cat":[44],"product_tag":[],"class_list":{"0":"post-1706","1":"product","2":"type-product","3":"status-publish","4":"has-post-thumbnail","6":"product_cat-preservadas","7":"desktop-align-left","8":"tablet-align-left","9":"mobile-align-left","11":"first","12":"instock","13":"taxable","14":"shipping-taxable","15":"purchasable","16":"product-type-simple"},"_links":{"self":[{"href":"https:\/\/lasplantasdemaria.com\/index.php?rest_route=\/wp\/v2\/product\/1706","targetHints":{"allow":["GET"]}}],"collection":[{"href":"https:\/\/lasplantasdemaria.com\/index.php?rest_route=\/wp\/v2\/product"}],"about":[{"href":"https:\/\/lasplantasdemaria.com\/index.php?rest_route=\/wp\/v2\/types\/product"}],"replies":[{"embeddable":true,"href":"https:\/\/lasplantasdemaria.com\/index.php?rest_route=%2Fwp%2Fv2%2Fcomments&post=1706"}],"version-history":[{"count":8,"href":"https:\/\/lasplantasdemaria.com\/index.php?rest_route=\/wp\/v2\/product\/1706\/revisions"}],"predecessor-version":[{"id":1910,"href":"https:\/\/lasplantasdemaria.com\/index.php?rest_route=\/wp\/v2\/product\/1706\/revisions\/1910"}],"wp:featuredmedia":[{"embeddable":true,"href":"https:\/\/lasplantasdemaria.com\/index.php?rest_route=\/wp\/v2\/media\/1707"}],"wp:attachment":[{"href":"https:\/\/lasplantasdemaria.com\/index.php?rest_route=%2Fwp%2Fv2%2Fmedia&parent=1706"}],"wp:term":[{"taxonomy":"product_brand","embeddable":true,"href":"https:\/\/lasplantasdemaria.com\/index.php?rest_route=%2Fwp%2Fv2%2Fproduct_brand&post=1706"},{"taxonomy":"product_cat","embeddable":true,"href":"https:\/\/lasplantasdemaria.com\/index.php?rest_route=%2Fwp%2Fv2%2Fproduct_cat&post=1706"},{"taxonomy":"product_tag","embeddable":true,"href":"https:\/\/lasplantasdemaria.com\/index.php?rest_route=%2Fwp%2Fv2%2Fproduct_tag&post=1706"}],"curies":[{"name":"wp","href":"https:\/\/api.w.org\/{rel}","templated":true}]}}