{"id":1703,"date":"2024-04-23T11:28:57","date_gmt":"2024-04-23T09:28:57","guid":{"rendered":"https:\/\/lasplantasdemaria.com\/?post_type=product&#038;p=1703"},"modified":"2024-04-28T21:56:18","modified_gmt":"2024-04-28T19:56:18","slug":"elixir-floral-rosa-eterna-en-esfera-de-cristal","status":"publish","type":"product","link":"https:\/\/lasplantasdemaria.com\/?product=elixir-floral-rosa-eterna-en-esfera-de-cristal","title":{"rendered":"Elixir Floral: Rosa Eterna en Esfera de Cristal"},"content":{"rendered":"\t\t<div data-elementor-type=\"wp-post\" data-elementor-id=\"1703\" class=\"elementor elementor-1703\">\n\t\t\t\t\t\t<section class=\"elementor-section elementor-top-section elementor-element elementor-element-ade81a4 elementor-section-boxed elementor-section-height-default elementor-section-height-default\" data-id=\"ade81a4\" data-element_type=\"section\" data-e-type=\"section\">\n\t\t\t\t\t\t<div class=\"elementor-container elementor-column-gap-no\">\n\t\t\t\t\t<div class=\"elementor-column elementor-col-100 elementor-top-column elementor-element elementor-element-794528c\" data-id=\"794528c\" data-element_type=\"column\" data-e-type=\"column\">\n\t\t\t<div class=\"elementor-widget-wrap elementor-element-populated\">\n\t\t\t\t\t\t<div class=\"elementor-element elementor-element-ad124ff elementor-widget elementor-widget-heading\" data-id=\"ad124ff\" data-element_type=\"widget\" data-e-type=\"widget\" data-widget_type=\"heading.default\">\n\t\t\t\t<div class=\"elementor-widget-container\">\n\t\t\t\t\t<h3 class=\"elementor-heading-title elementor-size-default\">Elixir Floral: Rosa Eterna en Esfera de Cristal<\/h3>\t\t\t\t<\/div>\n\t\t\t\t<\/div>\n\t\t\t\t<div class=\"elementor-element elementor-element-93a5cb3 elementor-widget elementor-widget-text-editor\" data-id=\"93a5cb3\" data-element_type=\"widget\" data-e-type=\"widget\" data-widget_type=\"text-editor.default\">\n\t\t\t\t<div class=\"elementor-widget-container\">\n\t\t\t\t\t\t\t\t\t<p>Encuentra el encanto eterno en nuestra Rosa Eterna presentada en una esfera de cristal, un s\u00edmbolo de amor y belleza atemporal. Esta rosa, vibrante y radiante en tonos de rojo apasionado, est\u00e1 delicadamente colocada entre una variedad de musgos y piedras blancas, creando un contraste visual que realza su magnificencia.<\/p><p>El terrario de vidrio act\u00faa como una c\u00fapula de protecci\u00f3n, preservando la gracia de la rosa y permitiendo que su esplendor se muestre sin obst\u00e1culos desde todos los \u00e1ngulos. Esta presentaci\u00f3n no solo celebra la cl\u00e1sica belleza de la rosa, sino que tambi\u00e9n captura la esencia de la conservaci\u00f3n, haciendo de este adorno un recordatorio perdurable de un momento o sentimiento especial.<\/p>\t\t\t\t\t\t\t\t<\/div>\n\t\t\t\t<\/div>\n\t\t\t\t\t<\/div>\n\t\t<\/div>\n\t\t\t\t\t<\/div>\n\t\t<\/section>\n\t\t\t\t<\/div>\n\t\t","protected":false},"excerpt":{"rendered":"<p>Encuentra el encanto eterno en nuestra Rosa Eterna presentada en una esfera de cristal, un s\u00edmbolo de amor y belleza atemporal. Esta rosa, vibrante y radiante en tonos de rojo apasionado, est\u00e1 delicadamente colocada entre una variedad de musgos y piedras blancas, creando un contraste visual que realza su magnificencia.<\/p>\n<p>El terrario de vidrio act\u00faa como una c\u00fapula de protecci\u00f3n, preservando la gracia de la rosa y permitiendo que su esplendor se muestre sin obst\u00e1culos desde todos los \u00e1ngulos. Esta presentaci\u00f3n no solo celebra la cl\u00e1sica belleza de la rosa, sino que tambi\u00e9n captura la esencia de la conservaci\u00f3n, haciendo de este adorno un recordatorio perdurable de un momento o sentimiento especial.<\/p>\n<p>Esta pieza es ideal para regalar, significando amor, respeto o admiraci\u00f3n, o como un elegante acento para espacios personales y profesionales. Requiere de cuidado m\u00ednimo y es perfecta para aquellos que desean disfrutar de la belleza floral sin el mantenimiento de flores frescas. Permita que la \u00abElixir Floral\u00bb sea un foco de inspiraci\u00f3n y una fuente de conversaciones en su hogar o espacio de trabajo.<\/p>\n","protected":false},"featured_media":1704,"comment_status":"open","ping_status":"closed","template":"","meta":{"site-sidebar-layout":"default","site-content-layout":"content-boxed-container","ast-site-content-layout":"normal-width-container","site-content-style":"boxed","site-sidebar-style":"unboxed","ast-global-header-display":"","ast-banner-title-visibility":"","ast-main-header-display":"","ast-hfb-above-header-display":"","ast-hfb-below-header-display":"","ast-hfb-mobile-header-display":"","site-post-title":"","ast-breadcrumbs-content":"","ast-featured-img":"","footer-sml-layout":"","ast-disable-related-posts":"","theme-transparent-header-meta":"default","adv-header-id-meta":"","stick-header-meta":"","header-above-stick-meta":"","header-main-stick-meta":"","header-below-stick-meta":"","astra-migrate-meta-layouts":"set","ast-page-background-enabled":"default","ast-page-background-meta":{"desktop":{"background-color":"var(--ast-global-color-4)","background-image":"","background-repeat":"repeat","background-position":"center center","background-size":"auto","background-attachment":"scroll","background-type":"","background-media":"","overlay-type":"","overlay-color":"","overlay-opacity":"","overlay-gradient":""},"tablet":{"background-color":"","background-image":"","background-repeat":"repeat","background-position":"center center","background-size":"auto","background-attachment":"scroll","background-type":"","background-media":"","overlay-type":"","overlay-color":"","overlay-opacity":"","overlay-gradient":""},"mobile":{"background-color":"","background-image":"","background-repeat":"repeat","background-position":"center center","background-size":"auto","background-attachment":"scroll","background-type":"","background-media":"","overlay-type":"","overlay-color":"","overlay-opacity":"","overlay-gradient":""}},"ast-content-background-meta":{"desktop":{"background-color":"var(--ast-global-color-5)","background-image":"","background-repeat":"repeat","background-position":"center center","background-size":"auto","background-attachment":"scroll","background-type":"","background-media":"","overlay-type":"","overlay-color":"","overlay-opacity":"","overlay-gradient":""},"tablet":{"background-color":"var(--ast-global-color-5)","background-image":"","background-repeat":"repeat","background-position":"center center","background-size":"auto","background-attachment":"scroll","background-type":"","background-media":"","overlay-type":"","overlay-color":"","overlay-opacity":"","overlay-gradient":""},"mobile":{"background-color":"var(--ast-global-color-5)","background-image":"","background-repeat":"repeat","background-position":"center center","background-size":"auto","background-attachment":"scroll","background-type":"","background-media":"","overlay-type":"","overlay-color":"","overlay-opacity":"","overlay-gradient":""}}},"product_brand":[],"product_cat":[44],"product_tag":[],"class_list":{"0":"post-1703","1":"product","2":"type-product","3":"status-publish","4":"has-post-thumbnail","6":"product_cat-preservadas","7":"desktop-align-left","8":"tablet-align-left","9":"mobile-align-left","11":"first","12":"instock","13":"taxable","14":"shipping-taxable","15":"purchasable","16":"product-type-simple"},"_links":{"self":[{"href":"https:\/\/lasplantasdemaria.com\/index.php?rest_route=\/wp\/v2\/product\/1703","targetHints":{"allow":["GET"]}}],"collection":[{"href":"https:\/\/lasplantasdemaria.com\/index.php?rest_route=\/wp\/v2\/product"}],"about":[{"href":"https:\/\/lasplantasdemaria.com\/index.php?rest_route=\/wp\/v2\/types\/product"}],"replies":[{"embeddable":true,"href":"https:\/\/lasplantasdemaria.com\/index.php?rest_route=%2Fwp%2Fv2%2Fcomments&post=1703"}],"version-history":[{"count":4,"href":"https:\/\/lasplantasdemaria.com\/index.php?rest_route=\/wp\/v2\/product\/1703\/revisions"}],"predecessor-version":[{"id":1973,"href":"https:\/\/lasplantasdemaria.com\/index.php?rest_route=\/wp\/v2\/product\/1703\/revisions\/1973"}],"wp:featuredmedia":[{"embeddable":true,"href":"https:\/\/lasplantasdemaria.com\/index.php?rest_route=\/wp\/v2\/media\/1704"}],"wp:attachment":[{"href":"https:\/\/lasplantasdemaria.com\/index.php?rest_route=%2Fwp%2Fv2%2Fmedia&parent=1703"}],"wp:term":[{"taxonomy":"product_brand","embeddable":true,"href":"https:\/\/lasplantasdemaria.com\/index.php?rest_route=%2Fwp%2Fv2%2Fproduct_brand&post=1703"},{"taxonomy":"product_cat","embeddable":true,"href":"https:\/\/lasplantasdemaria.com\/index.php?rest_route=%2Fwp%2Fv2%2Fproduct_cat&post=1703"},{"taxonomy":"product_tag","embeddable":true,"href":"https:\/\/lasplantasdemaria.com\/index.php?rest_route=%2Fwp%2Fv2%2Fproduct_tag&post=1703"}],"curies":[{"name":"wp","href":"https:\/\/api.w.org\/{rel}","templated":true}]}}