{"id":1688,"date":"2024-04-23T11:23:04","date_gmt":"2024-04-23T09:23:04","guid":{"rendered":"https:\/\/lasplantasdemaria.com\/?post_type=product&#038;p=1688"},"modified":"2024-10-19T13:31:08","modified_gmt":"2024-10-19T11:31:08","slug":"desierto-en-miniatura-terrario-de-cactus-resiliente","status":"publish","type":"product","link":"https:\/\/lasplantasdemaria.com\/?product=desierto-en-miniatura-terrario-de-cactus-resiliente","title":{"rendered":"Desierto en Miniatura: Terrario de Cactus Resiliente"},"content":{"rendered":"\t\t<div data-elementor-type=\"wp-post\" data-elementor-id=\"1688\" class=\"elementor elementor-1688\">\n\t\t\t\t\t\t<section class=\"elementor-section elementor-top-section elementor-element elementor-element-8564e64 elementor-section-boxed elementor-section-height-default elementor-section-height-default\" data-id=\"8564e64\" data-element_type=\"section\" data-e-type=\"section\">\n\t\t\t\t\t\t<div class=\"elementor-container elementor-column-gap-no\">\n\t\t\t\t\t<div class=\"elementor-column elementor-col-100 elementor-top-column elementor-element elementor-element-a64081d\" data-id=\"a64081d\" data-element_type=\"column\" data-e-type=\"column\">\n\t\t\t<div class=\"elementor-widget-wrap elementor-element-populated\">\n\t\t\t\t\t\t<div class=\"elementor-element elementor-element-821f4f4 elementor-widget elementor-widget-heading\" data-id=\"821f4f4\" data-element_type=\"widget\" data-e-type=\"widget\" data-widget_type=\"heading.default\">\n\t\t\t\t<div class=\"elementor-widget-container\">\n\t\t\t\t\t<h3 class=\"elementor-heading-title elementor-size-default\">Terrarios Sostenibles: Mini Jardines para una Vida Armoniosa<\/h3>\t\t\t\t<\/div>\n\t\t\t\t<\/div>\n\t\t\t\t<div class=\"elementor-element elementor-element-f94871b elementor-widget elementor-widget-heading\" data-id=\"f94871b\" data-element_type=\"widget\" data-e-type=\"widget\" data-widget_type=\"heading.default\">\n\t\t\t\t<div class=\"elementor-widget-container\">\n\t\t\t\t\t<h5 class=\"elementor-heading-title elementor-size-default\">Peque\u00f1os ecosistemas autosuficientes que ofrecen un refugio de tranquilidad y belleza natural. <\/h5>\t\t\t\t<\/div>\n\t\t\t\t<\/div>\n\t\t\t\t<div class=\"elementor-element elementor-element-4361427 elementor-widget elementor-widget-text-editor\" data-id=\"4361427\" data-element_type=\"widget\" data-e-type=\"widget\" data-widget_type=\"text-editor.default\">\n\t\t\t\t<div class=\"elementor-widget-container\">\n\t\t\t\t\t\t\t\t\t<p>Embellece tu espacio con un trozo del desierto encapsulado en nuestro elegante terrario de vidrio. Este ensamble de cactus resistentes y de bajo mantenimiento ofrece una variedad de texturas y formas, cada una seleccionada por su capacidad para prosperar en un microclima. Desde espinas afiladas hasta suaves y finas, cada cactus representa la adaptabilidad y la belleza austera de las especies des\u00e9rticas.<\/p>\t\t\t\t\t\t\t\t<\/div>\n\t\t\t\t<\/div>\n\t\t\t\t<section class=\"elementor-section elementor-inner-section elementor-element elementor-element-5c0a054 elementor-section-boxed elementor-section-height-default elementor-section-height-default\" data-id=\"5c0a054\" data-element_type=\"section\" data-e-type=\"section\">\n\t\t\t\t\t\t<div class=\"elementor-container elementor-column-gap-no\">\n\t\t\t\t\t<div class=\"elementor-column elementor-col-50 elementor-inner-column elementor-element elementor-element-bb60b10\" data-id=\"bb60b10\" data-element_type=\"column\" data-e-type=\"column\">\n\t\t\t<div class=\"elementor-widget-wrap elementor-element-populated\">\n\t\t\t\t\t\t<div class=\"elementor-element elementor-element-9b6afef elementor-widget elementor-widget-heading\" data-id=\"9b6afef\" data-element_type=\"widget\" data-e-type=\"widget\" data-widget_type=\"heading.default\">\n\t\t\t\t<div class=\"elementor-widget-container\">\n\t\t\t\t\t<h3 class=\"elementor-heading-title elementor-size-default\">Cuidados Esenciales para un Terrario Zen Radiante<\/h3>\t\t\t\t<\/div>\n\t\t\t\t<\/div>\n\t\t\t\t<div class=\"elementor-element elementor-element-f3697f9 elementor-widget elementor-widget-image\" data-id=\"f3697f9\" data-element_type=\"widget\" data-e-type=\"widget\" data-widget_type=\"image.default\">\n\t\t\t\t<div class=\"elementor-widget-container\">\n\t\t\t\t\t\t\t\t\t\t\t\t\t\t\t<img fetchpriority=\"high\" decoding=\"async\" width=\"1024\" height=\"1024\" src=\"https:\/\/lasplantasdemaria.com\/wp-content\/uploads\/2024\/04\/3760202716457_2023-1024x1024.png\" class=\"attachment-large size-large wp-image-1689\" alt=\"\" srcset=\"https:\/\/lasplantasdemaria.com\/wp-content\/uploads\/2024\/04\/3760202716457_2023-1024x1024.png 1024w, https:\/\/lasplantasdemaria.com\/wp-content\/uploads\/2024\/04\/3760202716457_2023-600x600.png 600w, https:\/\/lasplantasdemaria.com\/wp-content\/uploads\/2024\/04\/3760202716457_2023-100x100.png 100w, https:\/\/lasplantasdemaria.com\/wp-content\/uploads\/2024\/04\/3760202716457_2023-300x300.png 300w, https:\/\/lasplantasdemaria.com\/wp-content\/uploads\/2024\/04\/3760202716457_2023-150x150.png 150w, https:\/\/lasplantasdemaria.com\/wp-content\/uploads\/2024\/04\/3760202716457_2023-768x768.png 768w, https:\/\/lasplantasdemaria.com\/wp-content\/uploads\/2024\/04\/3760202716457_2023.png 1080w\" sizes=\"(max-width: 1024px) 100vw, 1024px\" \/>\t\t\t\t\t\t\t\t\t\t\t\t\t\t\t<\/div>\n\t\t\t\t<\/div>\n\t\t\t\t\t<\/div>\n\t\t<\/div>\n\t\t\t\t<div class=\"elementor-column elementor-col-50 elementor-inner-column elementor-element elementor-element-62747c8\" data-id=\"62747c8\" data-element_type=\"column\" data-e-type=\"column\">\n\t\t\t<div class=\"elementor-widget-wrap elementor-element-populated\">\n\t\t\t\t\t\t<div class=\"elementor-element elementor-element-188011c elementor-align-start elementor-icon-list--layout-traditional elementor-list-item-link-full_width elementor-widget elementor-widget-icon-list\" data-id=\"188011c\" data-element_type=\"widget\" data-e-type=\"widget\" data-widget_type=\"icon-list.default\">\n\t\t\t\t<div class=\"elementor-widget-container\">\n\t\t\t\t\t\t\t<ul class=\"elementor-icon-list-items\">\n\t\t\t\t\t\t\t<li class=\"elementor-icon-list-item\">\n\t\t\t\t\t\t\t\t\t\t\t<span class=\"elementor-icon-list-icon\">\n\t\t\t\t\t\t\t<svg aria-hidden=\"true\" class=\"e-font-icon-svg e-far-dot-circle\" viewBox=\"0 0 512 512\" xmlns=\"http:\/\/www.w3.org\/2000\/svg\"><path d=\"M256 56c110.532 0 200 89.451 200 200 0 110.532-89.451 200-200 200-110.532 0-200-89.451-200-200 0-110.532 89.451-200 200-200m0-48C119.033 8 8 119.033 8 256s111.033 248 248 248 248-111.033 248-248S392.967 8 256 8zm0 168c-44.183 0-80 35.817-80 80s35.817 80 80 80 80-35.817 80-80-35.817-80-80-80z\"><\/path><\/svg>\t\t\t\t\t\t<\/span>\n\t\t\t\t\t\t\t\t\t\t<span class=\"elementor-icon-list-text\"><strong>Ubicaci\u00f3n Ideal<\/strong>: Coloca tu terrario en un lugar con luz\n natural indirecta. Evita la luz solar directa para prevenir el \nsobrecalentamiento y el da\u00f1o a las plantas.<\/span>\n\t\t\t\t\t\t\t\t\t<\/li>\n\t\t\t\t\t\t\t\t<li class=\"elementor-icon-list-item\">\n\t\t\t\t\t\t\t\t\t\t\t<span class=\"elementor-icon-list-icon\">\n\t\t\t\t\t\t\t<svg aria-hidden=\"true\" class=\"e-font-icon-svg e-far-dot-circle\" viewBox=\"0 0 512 512\" xmlns=\"http:\/\/www.w3.org\/2000\/svg\"><path d=\"M256 56c110.532 0 200 89.451 200 200 0 110.532-89.451 200-200 200-110.532 0-200-89.451-200-200 0-110.532 89.451-200 200-200m0-48C119.033 8 8 119.033 8 256s111.033 248 248 248 248-111.033 248-248S392.967 8 256 8zm0 168c-44.183 0-80 35.817-80 80s35.817 80 80 80 80-35.817 80-80-35.817-80-80-80z\"><\/path><\/svg>\t\t\t\t\t\t<\/span>\n\t\t\t\t\t\t\t\t\t\t<span class=\"elementor-icon-list-text\"><strong>Riego Moderado<\/strong>: Utiliza un pulverizador para humedecer \nligeramente el terrario cada 2-3 semanas. La condensaci\u00f3n dentro del \nvidrio te ayudar\u00e1 a saber cu\u00e1ndo es necesario regar.<\/span>\n\t\t\t\t\t\t\t\t\t<\/li>\n\t\t\t\t\t\t\t\t<li class=\"elementor-icon-list-item\">\n\t\t\t\t\t\t\t\t\t\t\t<span class=\"elementor-icon-list-icon\">\n\t\t\t\t\t\t\t<svg aria-hidden=\"true\" class=\"e-font-icon-svg e-far-dot-circle\" viewBox=\"0 0 512 512\" xmlns=\"http:\/\/www.w3.org\/2000\/svg\"><path d=\"M256 56c110.532 0 200 89.451 200 200 0 110.532-89.451 200-200 200-110.532 0-200-89.451-200-200 0-110.532 89.451-200 200-200m0-48C119.033 8 8 119.033 8 256s111.033 248 248 248 248-111.033 248-248S392.967 8 256 8zm0 168c-44.183 0-80 35.817-80 80s35.817 80 80 80 80-35.817 80-80-35.817-80-80-80z\"><\/path><\/svg>\t\t\t\t\t\t<\/span>\n\t\t\t\t\t\t\t\t\t\t<span class=\"elementor-icon-list-text\"><strong>Temperatura Adecuada<\/strong>: Mant\u00e9n el terrario en un ambiente con temperaturas entre 18\u00b0C y 24\u00b0C para favorecer un clima \u00f3ptimo para las plantas.<\/span>\n\t\t\t\t\t\t\t\t\t<\/li>\n\t\t\t\t\t\t\t\t<li class=\"elementor-icon-list-item\">\n\t\t\t\t\t\t\t\t\t\t\t<span class=\"elementor-icon-list-icon\">\n\t\t\t\t\t\t\t<svg aria-hidden=\"true\" class=\"e-font-icon-svg e-far-dot-circle\" viewBox=\"0 0 512 512\" xmlns=\"http:\/\/www.w3.org\/2000\/svg\"><path d=\"M256 56c110.532 0 200 89.451 200 200 0 110.532-89.451 200-200 200-110.532 0-200-89.451-200-200 0-110.532 89.451-200 200-200m0-48C119.033 8 8 119.033 8 256s111.033 248 248 248 248-111.033 248-248S392.967 8 256 8zm0 168c-44.183 0-80 35.817-80 80s35.817 80 80 80 80-35.817 80-80-35.817-80-80-80z\"><\/path><\/svg>\t\t\t\t\t\t<\/span>\n\t\t\t\t\t\t\t\t\t\t<span class=\"elementor-icon-list-text\"><strong>Ventilaci\u00f3n Ocasional<\/strong>: Abre el terrario brevemente cada mes para permitir la circulaci\u00f3n de aire fresco y evitar el exceso de humedad.<\/span>\n\t\t\t\t\t\t\t\t\t<\/li>\n\t\t\t\t\t\t\t\t<li class=\"elementor-icon-list-item\">\n\t\t\t\t\t\t\t\t\t\t\t<span class=\"elementor-icon-list-icon\">\n\t\t\t\t\t\t\t<svg aria-hidden=\"true\" class=\"e-font-icon-svg e-far-dot-circle\" viewBox=\"0 0 512 512\" xmlns=\"http:\/\/www.w3.org\/2000\/svg\"><path d=\"M256 56c110.532 0 200 89.451 200 200 0 110.532-89.451 200-200 200-110.532 0-200-89.451-200-200 0-110.532 89.451-200 200-200m0-48C119.033 8 8 119.033 8 256s111.033 248 248 248 248-111.033 248-248S392.967 8 256 8zm0 168c-44.183 0-80 35.817-80 80s35.817 80 80 80 80-35.817 80-80-35.817-80-80-80z\"><\/path><\/svg>\t\t\t\t\t\t<\/span>\n\t\t\t\t\t\t\t\t\t\t<span class=\"elementor-icon-list-text\"><strong>Podar con Precauci\u00f3n<\/strong>: Si alguna planta comienza a \ncrecer demasiado, poda con cuidado para mantener el equilibrio est\u00e9tico y espacial dentro del terrario.<\/span>\n\t\t\t\t\t\t\t\t\t<\/li>\n\t\t\t\t\t\t<\/ul>\n\t\t\t\t\t\t<\/div>\n\t\t\t\t<\/div>\n\t\t\t\t\t<\/div>\n\t\t<\/div>\n\t\t\t\t\t<\/div>\n\t\t<\/section>\n\t\t\t\t\t<\/div>\n\t\t<\/div>\n\t\t\t\t\t<\/div>\n\t\t<\/section>\n\t\t\t\t<\/div>\n\t\t","protected":false},"excerpt":{"rendered":"<p>Embellece tu espacio con un trozo del desierto encapsulado en nuestro elegante terrario de vidrio. Este ensamble de cactus resistentes y de bajo mantenimiento ofrece una variedad de texturas y formas, cada una seleccionada por su capacidad para prosperar en un microclima. Desde espinas afiladas hasta suaves y finas, cada cactus representa la adaptabilidad y la belleza austera de las especies des\u00e9rticas.<\/p>\n<p>El terrario de cristal proporciona una vista panor\u00e1mica de este paisaje \u00e1rido y armonioso, destacado por piedras de r\u00edo aut\u00e9nticas y trozos de madera a la deriva que a\u00f1aden un toque r\u00fastico y natural. Las capas de suelo especializado visible no solo complementan la disposici\u00f3n de las plantas sino que tambi\u00e9n replican las condiciones ideales del h\u00e1bitat natural de los cactus.<\/p>\n<p>Este conjunto es perfecto para aquellos que aprecian la est\u00e9tica natural pero prefieren las plantas que requieren atenci\u00f3n m\u00ednima. Ubica este terrario de cactus en tu oficina, sala de estar o como una pieza central en la mesa para inyectar un soplo de la naturaleza duradera en tu vida cotidiana. Con su durabilidad y estilo, este arreglo es un recordatorio constante de la majestuosidad del mundo natural y la simplicidad que viene con el cuidado de los cactus.<\/p>\n","protected":false},"featured_media":1689,"comment_status":"open","ping_status":"closed","template":"","meta":{"site-sidebar-layout":"default","site-content-layout":"content-boxed-container","ast-site-content-layout":"normal-width-container","site-content-style":"boxed","site-sidebar-style":"unboxed","ast-global-header-display":"","ast-banner-title-visibility":"","ast-main-header-display":"","ast-hfb-above-header-display":"","ast-hfb-below-header-display":"","ast-hfb-mobile-header-display":"","site-post-title":"","ast-breadcrumbs-content":"","ast-featured-img":"","footer-sml-layout":"","ast-disable-related-posts":"","theme-transparent-header-meta":"default","adv-header-id-meta":"","stick-header-meta":"","header-above-stick-meta":"","header-main-stick-meta":"","header-below-stick-meta":"","astra-migrate-meta-layouts":"set","ast-page-background-enabled":"default","ast-page-background-meta":{"desktop":{"background-color":"var(--ast-global-color-4)","background-image":"","background-repeat":"repeat","background-position":"center center","background-size":"auto","background-attachment":"scroll","background-type":"","background-media":"","overlay-type":"","overlay-color":"","overlay-opacity":"","overlay-gradient":""},"tablet":{"background-color":"","background-image":"","background-repeat":"repeat","background-position":"center center","background-size":"auto","background-attachment":"scroll","background-type":"","background-media":"","overlay-type":"","overlay-color":"","overlay-opacity":"","overlay-gradient":""},"mobile":{"background-color":"","background-image":"","background-repeat":"repeat","background-position":"center center","background-size":"auto","background-attachment":"scroll","background-type":"","background-media":"","overlay-type":"","overlay-color":"","overlay-opacity":"","overlay-gradient":""}},"ast-content-background-meta":{"desktop":{"background-color":"var(--ast-global-color-5)","background-image":"","background-repeat":"repeat","background-position":"center center","background-size":"auto","background-attachment":"scroll","background-type":"","background-media":"","overlay-type":"","overlay-color":"","overlay-opacity":"","overlay-gradient":""},"tablet":{"background-color":"var(--ast-global-color-5)","background-image":"","background-repeat":"repeat","background-position":"center center","background-size":"auto","background-attachment":"scroll","background-type":"","background-media":"","overlay-type":"","overlay-color":"","overlay-opacity":"","overlay-gradient":""},"mobile":{"background-color":"var(--ast-global-color-5)","background-image":"","background-repeat":"repeat","background-position":"center center","background-size":"auto","background-attachment":"scroll","background-type":"","background-media":"","overlay-type":"","overlay-color":"","overlay-opacity":"","overlay-gradient":""}}},"product_brand":[],"product_cat":[33,35],"product_tag":[],"class_list":{"0":"post-1688","1":"product","2":"type-product","3":"status-publish","4":"has-post-thumbnail","6":"product_cat-medium-plants","7":"product_cat-terrario","8":"desktop-align-left","9":"tablet-align-left","10":"mobile-align-left","12":"first","13":"instock","14":"featured","15":"taxable","16":"shipping-taxable","17":"purchasable","18":"product-type-simple"},"_links":{"self":[{"href":"https:\/\/lasplantasdemaria.com\/index.php?rest_route=\/wp\/v2\/product\/1688","targetHints":{"allow":["GET"]}}],"collection":[{"href":"https:\/\/lasplantasdemaria.com\/index.php?rest_route=\/wp\/v2\/product"}],"about":[{"href":"https:\/\/lasplantasdemaria.com\/index.php?rest_route=\/wp\/v2\/types\/product"}],"replies":[{"embeddable":true,"href":"https:\/\/lasplantasdemaria.com\/index.php?rest_route=%2Fwp%2Fv2%2Fcomments&post=1688"}],"version-history":[{"count":9,"href":"https:\/\/lasplantasdemaria.com\/index.php?rest_route=\/wp\/v2\/product\/1688\/revisions"}],"predecessor-version":[{"id":1912,"href":"https:\/\/lasplantasdemaria.com\/index.php?rest_route=\/wp\/v2\/product\/1688\/revisions\/1912"}],"wp:featuredmedia":[{"embeddable":true,"href":"https:\/\/lasplantasdemaria.com\/index.php?rest_route=\/wp\/v2\/media\/1689"}],"wp:attachment":[{"href":"https:\/\/lasplantasdemaria.com\/index.php?rest_route=%2Fwp%2Fv2%2Fmedia&parent=1688"}],"wp:term":[{"taxonomy":"product_brand","embeddable":true,"href":"https:\/\/lasplantasdemaria.com\/index.php?rest_route=%2Fwp%2Fv2%2Fproduct_brand&post=1688"},{"taxonomy":"product_cat","embeddable":true,"href":"https:\/\/lasplantasdemaria.com\/index.php?rest_route=%2Fwp%2Fv2%2Fproduct_cat&post=1688"},{"taxonomy":"product_tag","embeddable":true,"href":"https:\/\/lasplantasdemaria.com\/index.php?rest_route=%2Fwp%2Fv2%2Fproduct_tag&post=1688"}],"curies":[{"name":"wp","href":"https:\/\/api.w.org\/{rel}","templated":true}]}}