{"id":3,"date":"2023-12-15T15:02:09","date_gmt":"2023-12-15T14:02:09","guid":{"rendered":"http:\/\/lasplantasdemaria.com\/?page_id=3"},"modified":"2024-05-11T12:35:00","modified_gmt":"2024-05-11T10:35:00","slug":"politica-privacidad","status":"publish","type":"page","link":"https:\/\/lasplantasdemaria.com\/?page_id=3","title":{"rendered":"Pol\u00edtica de privacidad"},"content":{"rendered":"\n<h3 class=\"wp-block-heading\">Qui\u00e9nes somos<\/h3>\n\n\n\n<p>Esta Pol\u00edtica de Privacidad describe c\u00f3mo se recopila, utiliza y comparte tu informaci\u00f3n personal cuando visitas o realizas una compra en https:\/\/lasplantasdemaria.com.<\/p>\n\n\n\n<p>IRSA Colors S.L. con domicilio a efectos de notificaciones en Av. Infante Don Luis, 10, LOCAL 5, 28660 Boadilla del Monte, Madrid (en adelante, \u201cLa Empresa\u201d), con n\u00famero de C.I.F.: B87710398 es responsable de este sitio web <a href=\"https:\/\/lasplantasdemaria.com.\">https:\/\/lasplantasdemaria.com<\/a> y de todos los datos recabados en el. <\/p>\n\n\n\n<p>La Empresa reconoce la importancia crucial de salvaguardar la privacidad de los datos personales. Por esta raz\u00f3n, hemos establecido una pol\u00edtica integral de gesti\u00f3n de datos que prioriza la seguridad en su uso y recopilaci\u00f3n, en total cumplimiento con la normativa aplicable. Esta pol\u00edtica es fundamental en nuestra estrategia organizacional. Queremos asegurarle que estamos plenamente comprometidos con la protecci\u00f3n de sus datos y hemos implementado todas las medidas necesarias para prevenir cualquier p\u00e9rdida o da\u00f1o posible.<\/p>\n\n\n\n<p>El prop\u00f3sito de esta Pol\u00edtica de Privacidad es proporcionarle toda la informaci\u00f3n relevante sobre c\u00f3mo tratamos los datos que recopilamos, as\u00ed como los derechos que le corresponden conforme al cumplimiento por parte de La Empresa con el Reglamento 2016\/679 del Parlamento Europeo y del Consejo de 27 de abril de 2016 (RGPD) y otras regulaciones pertinentes en materia de protecci\u00f3n de datos personales.<\/p>\n\n\n\n<p>Al visitar nuestro sitio web, entendemos que est\u00e1 aceptando nuestra pol\u00edtica de privacidad. Le animamos a leerla detenidamente. En caso de no estar de acuerdo, lamentablemente, no podr\u00e1 navegar, visitar ni utilizar nuestro sitio web.<\/p>\n\n\n\n<p>Durante su navegaci\u00f3n en nuestro sitio web, es posible que se le soliciten datos personales a trav\u00e9s de diversos formularios espec\u00edficamente dise\u00f1ados para ello. Estos datos ser\u00e1n incorporados a los archivos correspondientes seg\u00fan la finalidad espec\u00edfica que motive su recopilaci\u00f3n.<\/p>\n\n\n\n<p>La informaci\u00f3n detallada sobre cada tratamiento de datos estar\u00e1 disponible junto a cada formulario web. Sin embargo, el responsable del tratamiento, mencionado anteriormente, as\u00ed como los m\u00e9todos para ejercer sus derechos de acceso, rectificaci\u00f3n, supresi\u00f3n, portabilidad, limitaci\u00f3n u oposici\u00f3n al tratamiento de sus datos, ser\u00e1n comunes a todos los formularios. Estos derechos pueden ejercerse mediante una comunicaci\u00f3n escrita a la direcci\u00f3n mencionada anteriormente o a trav\u00e9s del correo electr\u00f3nico <a>admin@lasplantasdemaria.com<\/a>, adjuntando una copia de su DNI u otro documento identificativo equivalente.<\/p>\n\n\n\n<h3 class=\"wp-block-heading\">Qu\u00e9 informaci\u00f3n personal recopilamos<\/h3>\n\n\n\n<p>Cuando visitas el Sitio, recopilamos autom\u00e1ticamente cierta informaci\u00f3n sobre tu dispositivo, incluida informaci\u00f3n sobre tu navegador web, direcci\u00f3n IP, zona horaria y algunas de las cookies que est\u00e1n instaladas en tu dispositivo.<\/p>\n\n\n\n<p>Adem\u00e1s, a medida que navegas por el Sitio, recopilamos informaci\u00f3n sobre las p\u00e1ginas web individuales o los productos que ves, qu\u00e9 sitios web o t\u00e9rminos de b\u00fasqueda te remiten al Sitio, e informaci\u00f3n sobre c\u00f3mo interact\u00faas con el Sitio. Nos referimos a esta informaci\u00f3n recopilada autom\u00e1ticamente como <strong>Informaci\u00f3n del Dispositivo<\/strong> (device information).<\/p>\n\n\n\n<p>Recopilamos informaci\u00f3n del dispositivo utilizando las siguientes tecnolog\u00edas:<\/p>\n\n\n\n<ul class=\"wp-block-list\">\n<li><strong>Cookies<\/strong>: son archivos de datos que se colocan en tu dispositivo o computadora y con frecuencia incluyen un identificador \u00fanico an\u00f3nimo.<\/li>\n\n\n\n<li><strong>Archivos de registro<\/strong>: rastrean las acciones que ocurren en el Sitio y recopilan datos, incluida tu direcci\u00f3n IP, el tipo de navegador, el proveedor de servicios de Internet, las p\u00e1ginas de referencia\/salida y las marcas de fecha y hora.<\/li>\n<\/ul>\n\n\n\n<p>Cuando los visitantes dejan comentarios en la web, recopilamos los datos que se muestran en el formulario de comentarios, as\u00ed como la direcci\u00f3n IP del visitante y la cadena de agentes de usuario del navegador para ayudar a la detecci\u00f3n de spam.<\/p>\n\n\n\n<p>Cuando efect\u00faas una compra o intentas realizar una compra a trav\u00e9s del Sitio, recopilamos cierta informaci\u00f3n tuya, como tu nombre, direcci\u00f3n de facturaci\u00f3n, direcci\u00f3n de env\u00edo, informaci\u00f3n de pago, direcci\u00f3n de email y el n\u00famero de tel\u00e9fono. Esto se denomina <strong>Informaci\u00f3n del Pedido<\/strong>.<\/p>\n\n\n\n<p>Consentimiento y Retiro del Consentimiento: Al utilizar nuestro sitio, das tu consentimiento para la recopilaci\u00f3n y uso de tu informaci\u00f3n personal seg\u00fan se describe en esta pol\u00edtica. Puedes retirar tu consentimiento en cualquier momento contact\u00e1ndonos en admin@lasplantasdemaria.com adjuntando una copia de su DNI u otro documento identificativo equivalente.<\/p>\n\n\n\n<h3 class=\"wp-block-heading\">Medios<\/h3>\n\n\n\n<p>Si subes im\u00e1genes a la web, deber\u00edas evitar subir im\u00e1genes con datos de ubicaci\u00f3n (GPS EXIF) incluidos. Los visitantes de la web pueden descargar y extraer cualquier dato de ubicaci\u00f3n de las im\u00e1genes de la web.<\/p>\n\n\n\n<h3 class=\"wp-block-heading\">Cookies<\/h3>\n\n\n\n<p>Si dejas un comentario en nuestro sitio puedes elegir guardar tu nombre, direcci\u00f3n de correo electr\u00f3nico y web en cookies. Esto es para tu comodidad, para que no tengas que volver a rellenar tus datos cuando dejes otro comentario. Estas cookies tendr\u00e1n una duraci\u00f3n de un a\u00f1o.<\/p>\n\n\n\n<p>Si tienes una cuenta y te conectas a este sitio, instalaremos una cookie temporal para determinar si tu navegador acepta cookies. Esta cookie no contiene datos personales y se elimina al cerrar el navegador.<\/p>\n\n\n\n<p>Cuando accedas, tambi\u00e9n instalaremos varias cookies para guardar tu informaci\u00f3n de acceso y tus opciones de visualizaci\u00f3n de pantalla. Las cookies de acceso duran dos d\u00edas, y las cookies de opciones de pantalla duran un a\u00f1o. Si seleccionas \u00abRecu\u00e9rdarme\u00bb, tu acceso perdurar\u00e1 durante dos semanas. Si sales de tu cuenta, las cookies de acceso se eliminar\u00e1n.<\/p>\n\n\n\n<p>Si editas o publicas un art\u00edculo se guardar\u00e1 una cookie adicional en tu navegador. Esta cookie no incluye datos personales y simplemente indica el ID del art\u00edculo que acabas de editar. Caduca despu\u00e9s de 1 d\u00eda.<\/p>\n\n\n\n<h3 class=\"wp-block-heading\">Contenido incrustado de otros sitios web<\/h3>\n\n\n\n<p>Los art\u00edculos de este sitio pueden incluir contenido incrustado (por ejemplo, v\u00eddeos, im\u00e1genes, art\u00edculos, etc.). El contenido incrustado de otras webs se comporta exactamente de la misma manera que si el visitante hubiera visitado la otra web.<\/p>\n\n\n\n<p>Estas web pueden recopilar datos sobre ti, utilizar cookies, incrustar un seguimiento adicional de terceros, y supervisar tu interacci\u00f3n con ese contenido incrustado, incluido el seguimiento de tu interacci\u00f3n con el contenido incrustado si tienes una cuenta y est\u00e1s conectado a esa web.<\/p>\n\n\n\n<h3 class=\"wp-block-heading\">Con qui\u00e9n compartimos tus datos<\/h3>\n\n\n\n<p>\u00danicamente compartimos tu Informaci\u00f3n Personal con terceros para ayudarnos a utilizarla como se describe en esta pol\u00edtica, cuando sea estrictamente necesario, como ocurre en los siguientes supuestos:<\/p>\n\n\n\n<p>Obligaci\u00f3n legal: Por ejemplo, si resulta necesario facilitar los datos a la Administraci\u00f3n P\u00fablica (Administraci\u00f3n Tributaria o Cuerpos y Fuerzas de Seguridad) para cumplir con las leyes y regulaciones aplicables, para responder a una citaci\u00f3n, una orden de registro u otras solicitudes legales de informaci\u00f3n que recibimos, o para proteger nuestros derechos.<\/p>\n\n\n\n<p>Consentimiento: Por ejemplo, cuando nos haya dado consentimiento para facilitar sus datos a otras entidades relacionadas con la Asociaci\u00f3n.<br>La Empresa tiene Encargados del tratamiento, es decir proveedores que pueden acceder a datos para poder prestar el servicio contratado, pero que \u00fanicamente acceder\u00e1n a dichos datos para las finalidades indicadas por La Empresa para la prestaci\u00f3n del servicio (por ejemplo, servicios inform\u00e1ticos o de marketing).<\/p>\n\n\n\n<p>Adem\u00e1s de lo ya mencionado, aseguramos que tus datos personales se manejar\u00e1n con la m\u00e1xima confidencialidad y solo se compartir\u00e1n con terceros cuando sea estrictamente necesario y bajo condiciones de seguridad adecuadas<\/p>\n\n\n\n<h3 class=\"wp-block-heading\">C\u00f3mo usamos tu informaci\u00f3n personal<\/h3>\n\n\n\n<p>Utilizamos la Informaci\u00f3n de Pedido que recopilamos por lo general para cumplir con los pedidos realizados a trav\u00e9s del Sitio (incluido el procesamiento de tu informaci\u00f3n de pago, la organizaci\u00f3n del env\u00edo y el env\u00edo de facturas y\/o confirmaciones de pedidos).<\/p>\n\n\n\n<p>Adem\u00e1s, usamos esta Informaci\u00f3n del Pedido para: comunicarnos contigo, examinar nuestros pedidos para detectar posibles riesgos o fraudes, para (en l\u00ednea con las preferencias que has compartido con nosotros) ofrecerte informaci\u00f3n o publicidad relacionada con nuestros productos o servicios.<\/p>\n\n\n\n<p>Utilizamos la Informaci\u00f3n del Dispositivo que recopilamos para ayudarnos a detectar posibles riesgos y fraudes (en particular, tu direcci\u00f3n IP) y, en general, para mejorar y optimizar nuestro sitio.<\/p>\n\n\n\n<p>Compartimos tu Informaci\u00f3n Personal con terceros para ayudarnos a utilizarla como se describi\u00f3 anteriormente.<\/p>\n\n\n\n<p>Tambi\u00e9n podemos emplear Google Analytics para ayudarnos a comprender c\u00f3mo nuestros clientes usan https:\/\/lasplantasdemaria.com.<br><a href=\"https:\/\/www.google.com\/intl\/en\/policies\/privacy\/\" target=\"_blank\" rel=\"noreferrer noopener\">C\u00f3mo usa Google tu Informaci\u00f3n Personal<\/a>.<\/p>\n\n\n\n<p>Finalmente, tambi\u00e9n podemos compartir tu Informaci\u00f3n Personal para cumplir con las leyes y regulaciones aplicables, para responder a una citaci\u00f3n, una orden de registro u otras solicitudes legales de informaci\u00f3n que recibimos, o para proteger nuestros derechos.<\/p>\n\n\n\n<h3 class=\"wp-block-heading\">Cu\u00e1nto tiempo conservamos tus datos<\/h3>\n\n\n\n<p>La Empresa mantendr\u00e1 sus datos \u00fanicamente durante el tiempo necesario para cumplir con la finalidad para la que fueron recopilados.<\/p>\n\n\n\n<p>Sus datos personales se conservar\u00e1n mientras dure el servicio o suscripci\u00f3n contratados, o mientras se gestione su participaci\u00f3n en eventos o encuestas, se d\u00e9 respuesta a sus consultas o se lleve a cabo el proceso de selecci\u00f3n en el que participe. Adem\u00e1s, se conservar\u00e1n con el prop\u00f3sito de enviarle publicidad, a menos que se oponga o revoque su consentimiento para ello. En caso de oposici\u00f3n o revocaci\u00f3n, los datos ser\u00e1n eliminados. Es importante destacar que la eliminaci\u00f3n implica el bloqueo de los datos, que estar\u00e1n disponibles exclusivamente para tribunales, el Ministerio Fiscal u otras autoridades competentes, incluidas las autoridades de protecci\u00f3n de datos, para la exigencia de posibles responsabilidades derivadas del tratamiento, y durante el plazo de prescripci\u00f3n correspondiente.<\/p>\n\n\n\n<h3 class=\"wp-block-heading\">Qu\u00e9 derechos tienes sobre tus datos<\/h3>\n\n\n\n<p>Si eres un residente europeo, tienes derecho a acceder a la informaci\u00f3n personal que tenemos sobre ti y a solicitar que tu informaci\u00f3n personal se corrija, actualice o elimine. Si deseas ejercer este derecho, por favor cont\u00e1ctenos en admin@lasplantasdemaria.com adjuntando una copia de su DNI u otro documento identificativo equivalente.<\/p>\n\n\n\n<p>Adem\u00e1s, si eres un residente europeo, notamos que estamos procesando tu informaci\u00f3n para cumplir con los contratos que podr\u00edamos tener contigo (por ejemplo, si realizas un pedido a trav\u00e9s del Sitio), o de otra manera para perseguir nuestros intereses comerciales leg\u00edtimos mencionados anteriormente.<\/p>\n\n\n\n<p>Ten en cuenta que tu informaci\u00f3n se puede transferir fuera de Europa, incluso a Canad\u00e1 y Estados Unidos.<\/p>\n\n\n\n<h3 class=\"wp-block-heading\">Medidas de seguridad<\/h3>\n\n\n\n<p>Implementamos medidas de seguridad t\u00e9cnicas y organizativas avanzadas para proteger tus datos personales contra el acceso no autorizado, la alteraci\u00f3n, la divulgaci\u00f3n o la destrucci\u00f3n.<\/p>\n\n\n\n<h3 class=\"wp-block-heading\">Cambios<\/h3>\n\n\n\n<p>Podemos actualizar esta pol\u00edtica de privacidad de vez en cuando para reflejar, por ejemplo, cambios en nuestras pr\u00e1cticas o por otras razones operativas, legales o reglamentarias.<\/p>\n","protected":false},"excerpt":{"rendered":"<p>Qui\u00e9nes somos Esta Pol\u00edtica de Privacidad describe c\u00f3mo se recopila, utiliza y comparte tu informaci\u00f3n personal cuando visitas o realizas una compra en https:\/\/lasplantasdemaria.com. IRSA Colors S.L. con domicilio a efectos de notificaciones en Av. Infante Don Luis, 10, LOCAL 5, 28660 Boadilla del Monte, Madrid (en adelante, \u201cLa Empresa\u201d), con n\u00famero de C.I.F.: B87710398 [&hellip;]<\/p>\n","protected":false},"author":1,"featured_media":0,"parent":0,"menu_order":0,"comment_status":"closed","ping_status":"open","template":"","meta":{"site-sidebar-layout":"default","site-content-layout":"","ast-site-content-layout":"default","site-content-style":"default","site-sidebar-style":"default","ast-global-header-display":"","ast-banner-title-visibility":"","ast-main-header-display":"","ast-hfb-above-header-display":"","ast-hfb-below-header-display":"","ast-hfb-mobile-header-display":"","site-post-title":"","ast-breadcrumbs-content":"","ast-featured-img":"","footer-sml-layout":"","ast-disable-related-posts":"","theme-transparent-header-meta":"","adv-header-id-meta":"","stick-header-meta":"","header-above-stick-meta":"","header-main-stick-meta":"","header-below-stick-meta":"","astra-migrate-meta-layouts":"set","ast-page-background-enabled":"default","ast-page-background-meta":{"desktop":{"background-color":"var(--ast-global-color-4)","background-image":"","background-repeat":"repeat","background-position":"center center","background-size":"auto","background-attachment":"scroll","background-type":"","background-media":"","overlay-type":"","overlay-color":"","overlay-opacity":"","overlay-gradient":""},"tablet":{"background-color":"","background-image":"","background-repeat":"repeat","background-position":"center center","background-size":"auto","background-attachment":"scroll","background-type":"","background-media":"","overlay-type":"","overlay-color":"","overlay-opacity":"","overlay-gradient":""},"mobile":{"background-color":"","background-image":"","background-repeat":"repeat","background-position":"center center","background-size":"auto","background-attachment":"scroll","background-type":"","background-media":"","overlay-type":"","overlay-color":"","overlay-opacity":"","overlay-gradient":""}},"ast-content-background-meta":{"desktop":{"background-color":"var(--ast-global-color-5)","background-image":"","background-repeat":"repeat","background-position":"center center","background-size":"auto","background-attachment":"scroll","background-type":"","background-media":"","overlay-type":"","overlay-color":"","overlay-opacity":"","overlay-gradient":""},"tablet":{"background-color":"var(--ast-global-color-5)","background-image":"","background-repeat":"repeat","background-position":"center center","background-size":"auto","background-attachment":"scroll","background-type":"","background-media":"","overlay-type":"","overlay-color":"","overlay-opacity":"","overlay-gradient":""},"mobile":{"background-color":"var(--ast-global-color-5)","background-image":"","background-repeat":"repeat","background-position":"center center","background-size":"auto","background-attachment":"scroll","background-type":"","background-media":"","overlay-type":"","overlay-color":"","overlay-opacity":"","overlay-gradient":""}},"footnotes":""},"class_list":["post-3","page","type-page","status-publish","hentry"],"_links":{"self":[{"href":"https:\/\/lasplantasdemaria.com\/index.php?rest_route=\/wp\/v2\/pages\/3","targetHints":{"allow":["GET"]}}],"collection":[{"href":"https:\/\/lasplantasdemaria.com\/index.php?rest_route=\/wp\/v2\/pages"}],"about":[{"href":"https:\/\/lasplantasdemaria.com\/index.php?rest_route=\/wp\/v2\/types\/page"}],"author":[{"embeddable":true,"href":"https:\/\/lasplantasdemaria.com\/index.php?rest_route=\/wp\/v2\/users\/1"}],"replies":[{"embeddable":true,"href":"https:\/\/lasplantasdemaria.com\/index.php?rest_route=%2Fwp%2Fv2%2Fcomments&post=3"}],"version-history":[{"count":23,"href":"https:\/\/lasplantasdemaria.com\/index.php?rest_route=\/wp\/v2\/pages\/3\/revisions"}],"predecessor-version":[{"id":2009,"href":"https:\/\/lasplantasdemaria.com\/index.php?rest_route=\/wp\/v2\/pages\/3\/revisions\/2009"}],"wp:attachment":[{"href":"https:\/\/lasplantasdemaria.com\/index.php?rest_route=%2Fwp%2Fv2%2Fmedia&parent=3"}],"curies":[{"name":"wp","href":"https:\/\/api.w.org\/{rel}","templated":true}]}}