{"id":252,"date":"2021-08-18T05:35:45","date_gmt":"2021-08-18T05:35:45","guid":{"rendered":"https:\/\/lasplantasdemaria.com\/?page_id=252"},"modified":"2024-04-19T17:23:40","modified_gmt":"2024-04-19T15:23:40","slug":"about","status":"publish","type":"page","link":"https:\/\/lasplantasdemaria.com\/?page_id=252","title":{"rendered":"About"},"content":{"rendered":"\t\t<div data-elementor-type=\"wp-page\" data-elementor-id=\"252\" class=\"elementor elementor-252\">\n\t\t\t\t<div class=\"elementor-element elementor-element-d98598e e-flex e-con-boxed e-con e-parent\" data-id=\"d98598e\" data-element_type=\"container\" data-e-type=\"container\" data-settings=\"{&quot;background_background&quot;:&quot;classic&quot;}\">\n\t\t\t\t\t<div class=\"e-con-inner\">\n\t\t<div class=\"elementor-element elementor-element-8e35f02 e-con-full e-flex e-con e-child\" data-id=\"8e35f02\" data-element_type=\"container\" data-e-type=\"container\">\n\t\t<div class=\"elementor-element elementor-element-dc8a5d1 e-con-full e-flex e-con e-child\" data-id=\"dc8a5d1\" data-element_type=\"container\" data-e-type=\"container\">\n\t\t<div class=\"elementor-element elementor-element-456a062 e-con-full e-flex e-con e-child\" data-id=\"456a062\" data-element_type=\"container\" data-e-type=\"container\">\n\t\t\t\t<div class=\"elementor-element elementor-element-2c153d6 elementor-widget elementor-widget-heading\" data-id=\"2c153d6\" data-element_type=\"widget\" data-e-type=\"widget\" data-widget_type=\"heading.default\">\n\t\t\t\t<div class=\"elementor-widget-container\">\n\t\t\t\t\t<h1 class=\"elementor-heading-title elementor-size-default\">Acerca de Nosotros<\/h1>\t\t\t\t<\/div>\n\t\t\t\t<\/div>\n\t\t\t\t<\/div>\n\t\t<div class=\"elementor-element elementor-element-3fd0bca e-con-full e-flex e-con e-child\" data-id=\"3fd0bca\" data-element_type=\"container\" data-e-type=\"container\">\n\t\t\t\t<div class=\"elementor-element elementor-element-4b0f8cb elementor-widget-divider--view-line elementor-widget elementor-widget-divider\" data-id=\"4b0f8cb\" data-element_type=\"widget\" data-e-type=\"widget\" data-widget_type=\"divider.default\">\n\t\t\t\t<div class=\"elementor-widget-container\">\n\t\t\t\t\t\t\t<div class=\"elementor-divider\">\n\t\t\t<span class=\"elementor-divider-separator\">\n\t\t\t\t\t\t<\/span>\n\t\t<\/div>\n\t\t\t\t\t\t<\/div>\n\t\t\t\t<\/div>\n\t\t\t\t<div class=\"elementor-element elementor-element-5d71d45 elementor-widget elementor-widget-heading\" data-id=\"5d71d45\" data-element_type=\"widget\" data-e-type=\"widget\" data-widget_type=\"heading.default\">\n\t\t\t\t<div class=\"elementor-widget-container\">\n\t\t\t\t\t<h3 class=\"elementor-heading-title elementor-size-default\">Bienvenidos a Las Plantas de Mar\u00eda<\/h3>\t\t\t\t<\/div>\n\t\t\t\t<\/div>\n\t\t\t\t<div class=\"elementor-element elementor-element-b5f1814 elementor-widget elementor-widget-text-editor\" data-id=\"b5f1814\" data-element_type=\"widget\" data-e-type=\"widget\" data-widget_type=\"text-editor.default\">\n\t\t\t\t<div class=\"elementor-widget-container\">\n\t\t\t\t\t\t\t\t\t<p><em>Donde cada planta cuenta una historia y despierta una emoci\u00f3n.<\/em><\/p><p>Descubre en \u00abLas Plantas de Mar\u00eda\u00bb un mundo \u00fanico de vegetaci\u00f3n.<\/p>\t\t\t\t\t\t\t\t<\/div>\n\t\t\t\t<\/div>\n\t\t\t\t<\/div>\n\t\t\t\t<\/div>\n\t\t\t\t<div class=\"elementor-element elementor-element-74e6193 elementor-widget elementor-widget-image\" data-id=\"74e6193\" data-element_type=\"widget\" data-e-type=\"widget\" data-widget_type=\"image.default\">\n\t\t\t\t<div class=\"elementor-widget-container\">\n\t\t\t\t\t\t\t\t\t\t\t\t\t\t\t<img fetchpriority=\"high\" decoding=\"async\" width=\"1024\" height=\"818\" src=\"https:\/\/lasplantasdemaria.com\/wp-content\/uploads\/2024\/04\/suspended-kokedama__small-1024x818.png\" class=\"attachment-large size-large wp-image-1505\" alt=\"\" srcset=\"https:\/\/lasplantasdemaria.com\/wp-content\/uploads\/2024\/04\/suspended-kokedama__small-1024x818.png 1024w, https:\/\/lasplantasdemaria.com\/wp-content\/uploads\/2024\/04\/suspended-kokedama__small-600x479.png 600w, https:\/\/lasplantasdemaria.com\/wp-content\/uploads\/2024\/04\/suspended-kokedama__small-300x240.png 300w, https:\/\/lasplantasdemaria.com\/wp-content\/uploads\/2024\/04\/suspended-kokedama__small-768x613.png 768w, https:\/\/lasplantasdemaria.com\/wp-content\/uploads\/2024\/04\/suspended-kokedama__small.png 1133w\" sizes=\"(max-width: 1024px) 100vw, 1024px\" \/>\t\t\t\t\t\t\t\t\t\t\t\t\t\t\t<\/div>\n\t\t\t\t<\/div>\n\t\t<div class=\"elementor-element elementor-element-e4cd48d e-con-full e-flex e-con e-child\" data-id=\"e4cd48d\" data-element_type=\"container\" data-e-type=\"container\">\n\t\t<div class=\"elementor-element elementor-element-2dd0a9e e-con-full e-flex e-con e-child\" data-id=\"2dd0a9e\" data-element_type=\"container\" data-e-type=\"container\">\n\t\t\t\t<div class=\"elementor-element elementor-element-376e3df elementor-widget elementor-widget-heading\" data-id=\"376e3df\" data-element_type=\"widget\" data-e-type=\"widget\" data-widget_type=\"heading.default\">\n\t\t\t\t<div class=\"elementor-widget-container\">\n\t\t\t\t\t<h6 class=\"elementor-heading-title elementor-size-default\">Nuestra Historia<\/h6>\t\t\t\t<\/div>\n\t\t\t\t<\/div>\n\t\t\t\t<\/div>\n\t\t<div class=\"elementor-element elementor-element-a9c5396 e-con-full e-flex e-con e-child\" data-id=\"a9c5396\" data-element_type=\"container\" data-e-type=\"container\">\n\t\t\t\t<div class=\"elementor-element elementor-element-7167cdd elementor-widget elementor-widget-text-editor\" data-id=\"7167cdd\" data-element_type=\"widget\" data-e-type=\"widget\" data-widget_type=\"text-editor.default\">\n\t\t\t\t<div class=\"elementor-widget-container\">\n\t\t\t\t\t\t\t\t\t<p><em>Tu santuario zen de vegetaci\u00f3n, donde cada planta es una puerta a la serenidad.<\/em><\/p>\t\t\t\t\t\t\t\t<\/div>\n\t\t\t\t<\/div>\n\t\t\t\t<div class=\"elementor-element elementor-element-fa697a4 elementor-widget elementor-widget-text-editor\" data-id=\"fa697a4\" data-element_type=\"widget\" data-e-type=\"widget\" data-widget_type=\"text-editor.default\">\n\t\t\t\t<div class=\"elementor-widget-container\">\n\t\t\t\t\t\t\t\t\t<p>En \u00abLas Plantas de Mar\u00eda\u00bb, te invitamos a experimentar un viaje de tranquilidad y conexi\u00f3n con la naturaleza. Nuestra web es m\u00e1s que un lugar para comprar plantas; es un espacio donde la paz y la armon\u00eda cobran vida a trav\u00e9s de nuestra cuidadosa selecci\u00f3n de vegetaci\u00f3n.<\/p><p><strong>Colecci\u00f3n Inspiradora<\/strong> Descubre plantas que no solo embellecen tu espacio, sino que tambi\u00e9n lo transforman en un refugio de calma y equilibrio. Desde suculentas que irradian simplicidad hasta bamb\u00fas que simbolizan la flexibilidad y la fortaleza, cada planta ha sido elegida por su capacidad de inspirar un ambiente zen.<\/p><p><strong>Calidad que Tranquiliza<\/strong> Nos comprometemos a entregarte plantas que lleguen en estado \u00f3ptimo, para que puedas disfrutar de su belleza y beneficios desde el primer d\u00eda. Adem\u00e1s, ofrecemos gu\u00edas detalladas y consejos para que el cuidado de tus plantas sea una pr\u00e1ctica meditativa y gratificante.<\/p><p><strong>Experiencia Personal y Mindful<\/strong> Creemos en la importancia de un enfoque consciente y personalizado. Te ayudamos a seleccionar plantas que se adapten no solo a tu espacio f\u00edsico, sino tambi\u00e9n a tu estado mental y emocional, promoviendo un entorno de mindfulness y serenidad.<\/p><p><strong>Tu Oasis de Paz Interior<\/strong> En Las Plantas de Mar\u00eda, cada planta es una invitaci\u00f3n a ralentizar, respirar y conectar con el momento presente. Explora nuestra colecci\u00f3n y encuentra esa compa\u00f1era perfecta que te ayudar\u00e1 a crear tu propio espacio zen.<\/p><p><strong>Compromiso con la Sostenibilidad<\/strong> Nuestro enfoque zen se extiende a nuestra responsabilidad con el medio ambiente. Practicamos la sostenibilidad en cada paso, respetando la tierra y sus recursos.<\/p>\t\t\t\t\t\t\t\t<\/div>\n\t\t\t\t<\/div>\n\t\t\t\t<div class=\"elementor-element elementor-element-06c9711 elementor-view-default elementor-widget elementor-widget-icon\" data-id=\"06c9711\" data-element_type=\"widget\" data-e-type=\"widget\" data-widget_type=\"icon.default\">\n\t\t\t\t<div class=\"elementor-widget-container\">\n\t\t\t\t\t\t\t<div class=\"elementor-icon-wrapper\">\n\t\t\t<div class=\"elementor-icon\">\n\t\t\t<svg aria-hidden=\"true\" class=\"e-font-icon-svg e-fas-quote-left\" viewBox=\"0 0 512 512\" xmlns=\"http:\/\/www.w3.org\/2000\/svg\"><path d=\"M464 256h-80v-64c0-35.3 28.7-64 64-64h8c13.3 0 24-10.7 24-24V56c0-13.3-10.7-24-24-24h-8c-88.4 0-160 71.6-160 160v240c0 26.5 21.5 48 48 48h128c26.5 0 48-21.5 48-48V304c0-26.5-21.5-48-48-48zm-288 0H96v-64c0-35.3 28.7-64 64-64h8c13.3 0 24-10.7 24-24V56c0-13.3-10.7-24-24-24h-8C71.6 32 0 103.6 0 192v240c0 26.5 21.5 48 48 48h128c26.5 0 48-21.5 48-48V304c0-26.5-21.5-48-48-48z\"><\/path><\/svg>\t\t\t<\/div>\n\t\t<\/div>\n\t\t\t\t\t\t<\/div>\n\t\t\t\t<\/div>\n\t\t\t\t<div class=\"elementor-element elementor-element-82283db elementor-widget elementor-widget-testimonial\" data-id=\"82283db\" data-element_type=\"widget\" data-e-type=\"widget\" data-widget_type=\"testimonial.default\">\n\t\t\t\t<div class=\"elementor-widget-container\">\n\t\t\t\t\t\t\t<div class=\"elementor-testimonial-wrapper\">\n\t\t\t\t\t\t\t<div class=\"elementor-testimonial-content\">Esta p\u00e1gina naci\u00f3 de un sue\u00f1o: infundir la calma de la naturaleza en cada hogar. Cada planta que elijo es mi manera de extender un fragmento de paz hacia ti. Agradezco profundamente la oportunidad de introducir un toque de serenidad natural en tu entorno.<\/div>\n\t\t\t\n\t\t\t\t\t\t<div class=\"elementor-testimonial-meta elementor-has-image elementor-testimonial-image-position-aside\">\n\t\t\t\t<div class=\"elementor-testimonial-meta-inner\">\n\t\t\t\t\t\t\t\t\t\t\t<div class=\"elementor-testimonial-image\">\n\t\t\t\t\t\t\t<img decoding=\"async\" width=\"782\" height=\"874\" src=\"https:\/\/lasplantasdemaria.com\/wp-content\/uploads\/2024\/04\/IMG-20240419-WA0009.jpg\" class=\"attachment-full size-full wp-image-1672\" alt=\"\" srcset=\"https:\/\/lasplantasdemaria.com\/wp-content\/uploads\/2024\/04\/IMG-20240419-WA0009.jpg 782w, https:\/\/lasplantasdemaria.com\/wp-content\/uploads\/2024\/04\/IMG-20240419-WA0009-600x671.jpg 600w, https:\/\/lasplantasdemaria.com\/wp-content\/uploads\/2024\/04\/IMG-20240419-WA0009-268x300.jpg 268w, https:\/\/lasplantasdemaria.com\/wp-content\/uploads\/2024\/04\/IMG-20240419-WA0009-768x858.jpg 768w\" sizes=\"(max-width: 782px) 100vw, 782px\" \/>\t\t\t\t\t\t<\/div>\n\t\t\t\t\t\n\t\t\t\t\t\t\t\t\t\t<div class=\"elementor-testimonial-details\">\n\t\t\t\t\t\t\t\t\t\t\t\t\t\t<div class=\"elementor-testimonial-name\">Maria<\/div>\n\t\t\t\t\t\t\t\t\t\t\t\t\t\t\t\t\t\t\t\t\t\t<div class=\"elementor-testimonial-job\">Fundadora<\/div>\n\t\t\t\t\t\t\t\t\t\t\t\t\t<\/div>\n\t\t\t\t\t\t\t\t\t<\/div>\n\t\t\t<\/div>\n\t\t\t\t\t<\/div>\n\t\t\t\t\t\t<\/div>\n\t\t\t\t<\/div>\n\t\t\t\t<\/div>\n\t\t\t\t<\/div>\n\t\t\t\t<div class=\"elementor-element elementor-element-47a50b3 gallery-spacing-custom elementor-widget elementor-widget-image-gallery\" data-id=\"47a50b3\" data-element_type=\"widget\" data-e-type=\"widget\" data-widget_type=\"image-gallery.default\">\n\t\t\t\t<div class=\"elementor-widget-container\">\n\t\t\t\t\t\t\t<div class=\"elementor-image-gallery\">\n\t\t\t<div id='gallery-1' class='gallery galleryid-252 gallery-columns-3 gallery-size-full'><figure class='gallery-item'>\n\t\t\t<div class='gallery-icon landscape'>\n\t\t\t\t<a data-elementor-open-lightbox=\"yes\" data-elementor-lightbox-slideshow=\"47a50b3\" data-elementor-lightbox-title=\"plants-store-gallery-img-6\" data-e-action-hash=\"#elementor-action%3Aaction%3Dlightbox%26settings%3DeyJpZCI6MzA1LCJ1cmwiOiJodHRwczpcL1wvbGFzcGxhbnRhc2RlbWFyaWEuY29tXC93cC1jb250ZW50XC91cGxvYWRzXC8yMDIxXC8wOFwvcGxhbnRzLXN0b3JlLWdhbGxlcnktaW1nLTYuanBnIiwic2xpZGVzaG93IjoiNDdhNTBiMyJ9\" href='https:\/\/lasplantasdemaria.com\/wp-content\/uploads\/2021\/08\/plants-store-gallery-img-6.jpg'><img decoding=\"async\" width=\"400\" height=\"400\" src=\"https:\/\/lasplantasdemaria.com\/wp-content\/uploads\/2021\/08\/plants-store-gallery-img-6.jpg\" class=\"attachment-full size-full\" alt=\"\" srcset=\"https:\/\/lasplantasdemaria.com\/wp-content\/uploads\/2021\/08\/plants-store-gallery-img-6.jpg 400w, https:\/\/lasplantasdemaria.com\/wp-content\/uploads\/2021\/08\/plants-store-gallery-img-6-100x100.jpg 100w, https:\/\/lasplantasdemaria.com\/wp-content\/uploads\/2021\/08\/plants-store-gallery-img-6-300x300.jpg 300w, https:\/\/lasplantasdemaria.com\/wp-content\/uploads\/2021\/08\/plants-store-gallery-img-6-150x150.jpg 150w\" sizes=\"(max-width: 400px) 100vw, 400px\" \/><\/a>\n\t\t\t<\/div><\/figure><figure class='gallery-item'>\n\t\t\t<div class='gallery-icon landscape'>\n\t\t\t\t<a data-elementor-open-lightbox=\"yes\" data-elementor-lightbox-slideshow=\"47a50b3\" data-elementor-lightbox-title=\"plants-store-gallery-img-1\" data-e-action-hash=\"#elementor-action%3Aaction%3Dlightbox%26settings%3DeyJpZCI6MzA2LCJ1cmwiOiJodHRwczpcL1wvbGFzcGxhbnRhc2RlbWFyaWEuY29tXC93cC1jb250ZW50XC91cGxvYWRzXC8yMDIxXC8wOFwvcGxhbnRzLXN0b3JlLWdhbGxlcnktaW1nLTEuanBnIiwic2xpZGVzaG93IjoiNDdhNTBiMyJ9\" href='https:\/\/lasplantasdemaria.com\/wp-content\/uploads\/2021\/08\/plants-store-gallery-img-1.jpg'><img loading=\"lazy\" decoding=\"async\" width=\"400\" height=\"400\" src=\"https:\/\/lasplantasdemaria.com\/wp-content\/uploads\/2021\/08\/plants-store-gallery-img-1.jpg\" class=\"attachment-full size-full\" alt=\"\" srcset=\"https:\/\/lasplantasdemaria.com\/wp-content\/uploads\/2021\/08\/plants-store-gallery-img-1.jpg 400w, https:\/\/lasplantasdemaria.com\/wp-content\/uploads\/2021\/08\/plants-store-gallery-img-1-100x100.jpg 100w, https:\/\/lasplantasdemaria.com\/wp-content\/uploads\/2021\/08\/plants-store-gallery-img-1-300x300.jpg 300w, https:\/\/lasplantasdemaria.com\/wp-content\/uploads\/2021\/08\/plants-store-gallery-img-1-150x150.jpg 150w\" sizes=\"(max-width: 400px) 100vw, 400px\" \/><\/a>\n\t\t\t<\/div><\/figure><figure class='gallery-item'>\n\t\t\t<div class='gallery-icon landscape'>\n\t\t\t\t<a data-elementor-open-lightbox=\"yes\" data-elementor-lightbox-slideshow=\"47a50b3\" data-elementor-lightbox-title=\"plants-store-gallery-img-2\" data-e-action-hash=\"#elementor-action%3Aaction%3Dlightbox%26settings%3DeyJpZCI6MzA3LCJ1cmwiOiJodHRwczpcL1wvbGFzcGxhbnRhc2RlbWFyaWEuY29tXC93cC1jb250ZW50XC91cGxvYWRzXC8yMDIxXC8wOFwvcGxhbnRzLXN0b3JlLWdhbGxlcnktaW1nLTIuanBnIiwic2xpZGVzaG93IjoiNDdhNTBiMyJ9\" href='https:\/\/lasplantasdemaria.com\/wp-content\/uploads\/2021\/08\/plants-store-gallery-img-2.jpg'><img loading=\"lazy\" decoding=\"async\" width=\"400\" height=\"400\" src=\"https:\/\/lasplantasdemaria.com\/wp-content\/uploads\/2021\/08\/plants-store-gallery-img-2.jpg\" class=\"attachment-full size-full\" alt=\"\" srcset=\"https:\/\/lasplantasdemaria.com\/wp-content\/uploads\/2021\/08\/plants-store-gallery-img-2.jpg 400w, https:\/\/lasplantasdemaria.com\/wp-content\/uploads\/2021\/08\/plants-store-gallery-img-2-100x100.jpg 100w, https:\/\/lasplantasdemaria.com\/wp-content\/uploads\/2021\/08\/plants-store-gallery-img-2-300x300.jpg 300w, https:\/\/lasplantasdemaria.com\/wp-content\/uploads\/2021\/08\/plants-store-gallery-img-2-150x150.jpg 150w\" sizes=\"(max-width: 400px) 100vw, 400px\" \/><\/a>\n\t\t\t<\/div><\/figure><figure class='gallery-item'>\n\t\t\t<div class='gallery-icon landscape'>\n\t\t\t\t<a data-elementor-open-lightbox=\"yes\" data-elementor-lightbox-slideshow=\"47a50b3\" data-elementor-lightbox-title=\"plants-store-gallery-img-3\" data-e-action-hash=\"#elementor-action%3Aaction%3Dlightbox%26settings%3DeyJpZCI6MzA4LCJ1cmwiOiJodHRwczpcL1wvbGFzcGxhbnRhc2RlbWFyaWEuY29tXC93cC1jb250ZW50XC91cGxvYWRzXC8yMDIxXC8wOFwvcGxhbnRzLXN0b3JlLWdhbGxlcnktaW1nLTMuanBnIiwic2xpZGVzaG93IjoiNDdhNTBiMyJ9\" href='https:\/\/lasplantasdemaria.com\/wp-content\/uploads\/2021\/08\/plants-store-gallery-img-3.jpg'><img loading=\"lazy\" decoding=\"async\" width=\"400\" height=\"400\" src=\"https:\/\/lasplantasdemaria.com\/wp-content\/uploads\/2021\/08\/plants-store-gallery-img-3.jpg\" class=\"attachment-full size-full\" alt=\"\" srcset=\"https:\/\/lasplantasdemaria.com\/wp-content\/uploads\/2021\/08\/plants-store-gallery-img-3.jpg 400w, https:\/\/lasplantasdemaria.com\/wp-content\/uploads\/2021\/08\/plants-store-gallery-img-3-100x100.jpg 100w, https:\/\/lasplantasdemaria.com\/wp-content\/uploads\/2021\/08\/plants-store-gallery-img-3-300x300.jpg 300w, https:\/\/lasplantasdemaria.com\/wp-content\/uploads\/2021\/08\/plants-store-gallery-img-3-150x150.jpg 150w\" sizes=\"(max-width: 400px) 100vw, 400px\" \/><\/a>\n\t\t\t<\/div><\/figure><figure class='gallery-item'>\n\t\t\t<div class='gallery-icon landscape'>\n\t\t\t\t<a data-elementor-open-lightbox=\"yes\" data-elementor-lightbox-slideshow=\"47a50b3\" data-elementor-lightbox-title=\"plants-store-gallery-img-4\" data-e-action-hash=\"#elementor-action%3Aaction%3Dlightbox%26settings%3DeyJpZCI6MzA5LCJ1cmwiOiJodHRwczpcL1wvbGFzcGxhbnRhc2RlbWFyaWEuY29tXC93cC1jb250ZW50XC91cGxvYWRzXC8yMDIxXC8wOFwvcGxhbnRzLXN0b3JlLWdhbGxlcnktaW1nLTQuanBnIiwic2xpZGVzaG93IjoiNDdhNTBiMyJ9\" href='https:\/\/lasplantasdemaria.com\/wp-content\/uploads\/2021\/08\/plants-store-gallery-img-4.jpg'><img loading=\"lazy\" decoding=\"async\" width=\"400\" height=\"400\" src=\"https:\/\/lasplantasdemaria.com\/wp-content\/uploads\/2021\/08\/plants-store-gallery-img-4.jpg\" class=\"attachment-full size-full\" alt=\"\" srcset=\"https:\/\/lasplantasdemaria.com\/wp-content\/uploads\/2021\/08\/plants-store-gallery-img-4.jpg 400w, https:\/\/lasplantasdemaria.com\/wp-content\/uploads\/2021\/08\/plants-store-gallery-img-4-100x100.jpg 100w, https:\/\/lasplantasdemaria.com\/wp-content\/uploads\/2021\/08\/plants-store-gallery-img-4-300x300.jpg 300w, https:\/\/lasplantasdemaria.com\/wp-content\/uploads\/2021\/08\/plants-store-gallery-img-4-150x150.jpg 150w\" sizes=\"(max-width: 400px) 100vw, 400px\" \/><\/a>\n\t\t\t<\/div><\/figure><figure class='gallery-item'>\n\t\t\t<div class='gallery-icon landscape'>\n\t\t\t\t<a data-elementor-open-lightbox=\"yes\" data-elementor-lightbox-slideshow=\"47a50b3\" data-elementor-lightbox-title=\"plants-store-gallery-img-5\" data-e-action-hash=\"#elementor-action%3Aaction%3Dlightbox%26settings%3DeyJpZCI6MzEwLCJ1cmwiOiJodHRwczpcL1wvbGFzcGxhbnRhc2RlbWFyaWEuY29tXC93cC1jb250ZW50XC91cGxvYWRzXC8yMDIxXC8wOFwvcGxhbnRzLXN0b3JlLWdhbGxlcnktaW1nLTUuanBnIiwic2xpZGVzaG93IjoiNDdhNTBiMyJ9\" href='https:\/\/lasplantasdemaria.com\/wp-content\/uploads\/2021\/08\/plants-store-gallery-img-5.jpg'><img loading=\"lazy\" decoding=\"async\" width=\"400\" height=\"400\" src=\"https:\/\/lasplantasdemaria.com\/wp-content\/uploads\/2021\/08\/plants-store-gallery-img-5.jpg\" class=\"attachment-full size-full\" alt=\"\" srcset=\"https:\/\/lasplantasdemaria.com\/wp-content\/uploads\/2021\/08\/plants-store-gallery-img-5.jpg 400w, https:\/\/lasplantasdemaria.com\/wp-content\/uploads\/2021\/08\/plants-store-gallery-img-5-100x100.jpg 100w, https:\/\/lasplantasdemaria.com\/wp-content\/uploads\/2021\/08\/plants-store-gallery-img-5-300x300.jpg 300w, https:\/\/lasplantasdemaria.com\/wp-content\/uploads\/2021\/08\/plants-store-gallery-img-5-150x150.jpg 150w\" sizes=\"(max-width: 400px) 100vw, 400px\" \/><\/a>\n\t\t\t<\/div><\/figure>\n\t\t<\/div>\n\t\t<\/div>\n\t\t\t\t\t\t<\/div>\n\t\t\t\t<\/div>\n\t\t\t\t<\/div>\n\t\t\t\t\t<\/div>\n\t\t\t\t<\/div>\n\t\t\t\t<\/div>\n\t\t","protected":false},"excerpt":{"rendered":"<p>Acerca de Nosotros Bienvenidos a Las Plantas de Mar\u00eda Donde cada planta cuenta una historia y despierta una emoci\u00f3n. Descubre en \u00abLas Plantas de Mar\u00eda\u00bb un mundo \u00fanico de vegetaci\u00f3n. Nuestra Historia Tu santuario zen de vegetaci\u00f3n, donde cada planta es una puerta a la serenidad. En \u00abLas Plantas de Mar\u00eda\u00bb, te invitamos a experimentar [&hellip;]<\/p>\n","protected":false},"author":1,"featured_media":0,"parent":0,"menu_order":0,"comment_status":"closed","ping_status":"closed","template":"","meta":{"site-sidebar-layout":"no-sidebar","site-content-layout":"page-builder","ast-site-content-layout":"default","site-content-style":"default","site-sidebar-style":"default","ast-global-header-display":"","ast-banner-title-visibility":"","ast-main-header-display":"","ast-hfb-above-header-display":"","ast-hfb-below-header-display":"","ast-hfb-mobile-header-display":"","site-post-title":"disabled","ast-breadcrumbs-content":"disabled","ast-featured-img":"disabled","footer-sml-layout":"","ast-disable-related-posts":"","theme-transparent-header-meta":"default","adv-header-id-meta":"","stick-header-meta":"","header-above-stick-meta":"","header-main-stick-meta":"","header-below-stick-meta":"","astra-migrate-meta-layouts":"default","ast-page-background-enabled":"default","ast-page-background-meta":{"desktop":{"background-color":"var(--ast-global-color-4)","background-image":"","background-repeat":"repeat","background-position":"center center","background-size":"auto","background-attachment":"scroll","background-type":"","background-media":"","overlay-type":"","overlay-color":"","overlay-opacity":"","overlay-gradient":""},"tablet":{"background-color":"","background-image":"","background-repeat":"repeat","background-position":"center center","background-size":"auto","background-attachment":"scroll","background-type":"","background-media":"","overlay-type":"","overlay-color":"","overlay-opacity":"","overlay-gradient":""},"mobile":{"background-color":"","background-image":"","background-repeat":"repeat","background-position":"center center","background-size":"auto","background-attachment":"scroll","background-type":"","background-media":"","overlay-type":"","overlay-color":"","overlay-opacity":"","overlay-gradient":""}},"ast-content-background-meta":{"desktop":{"background-color":"var(--ast-global-color-5)","background-image":"","background-repeat":"repeat","background-position":"center center","background-size":"auto","background-attachment":"scroll","background-type":"","background-media":"","overlay-type":"","overlay-color":"","overlay-opacity":"","overlay-gradient":""},"tablet":{"background-color":"var(--ast-global-color-5)","background-image":"","background-repeat":"repeat","background-position":"center center","background-size":"auto","background-attachment":"scroll","background-type":"","background-media":"","overlay-type":"","overlay-color":"","overlay-opacity":"","overlay-gradient":""},"mobile":{"background-color":"var(--ast-global-color-5)","background-image":"","background-repeat":"repeat","background-position":"center center","background-size":"auto","background-attachment":"scroll","background-type":"","background-media":"","overlay-type":"","overlay-color":"","overlay-opacity":"","overlay-gradient":""}},"footnotes":""},"class_list":["post-252","page","type-page","status-publish","hentry"],"_links":{"self":[{"href":"https:\/\/lasplantasdemaria.com\/index.php?rest_route=\/wp\/v2\/pages\/252","targetHints":{"allow":["GET"]}}],"collection":[{"href":"https:\/\/lasplantasdemaria.com\/index.php?rest_route=\/wp\/v2\/pages"}],"about":[{"href":"https:\/\/lasplantasdemaria.com\/index.php?rest_route=\/wp\/v2\/types\/page"}],"author":[{"embeddable":true,"href":"https:\/\/lasplantasdemaria.com\/index.php?rest_route=\/wp\/v2\/users\/1"}],"replies":[{"embeddable":true,"href":"https:\/\/lasplantasdemaria.com\/index.php?rest_route=%2Fwp%2Fv2%2Fcomments&post=252"}],"version-history":[{"count":45,"href":"https:\/\/lasplantasdemaria.com\/index.php?rest_route=\/wp\/v2\/pages\/252\/revisions"}],"predecessor-version":[{"id":1675,"href":"https:\/\/lasplantasdemaria.com\/index.php?rest_route=\/wp\/v2\/pages\/252\/revisions\/1675"}],"wp:attachment":[{"href":"https:\/\/lasplantasdemaria.com\/index.php?rest_route=%2Fwp%2Fv2%2Fmedia&parent=252"}],"curies":[{"name":"wp","href":"https:\/\/api.w.org\/{rel}","templated":true}]}}